{"id":92034,"date":"2019-07-11T13:57:54","date_gmt":"2019-07-11T13:57:54","guid":{"rendered":"https:\/\/www.3p-gmbh.de\/produkt\/agrafeuse-de-bloc-marcetti-galaxia-4-tetes\/"},"modified":"2019-07-11T13:57:54","modified_gmt":"2019-07-11T13:57:54","slug":"machines-a-brocher-et-a-relier-a-quatre-tetes","status":"publish","type":"product","link":"https:\/\/www.3p-gmbh.de\/fr\/produkt\/machines-a-brocher-et-a-relier-a-quatre-tetes\/","title":{"rendered":"Agrafeuse de bloc Marcetti Galaxia 4 t\u00eates"},"content":{"rendered":"<ul>\n<li>Agrafes normales et \u00e0 anneaux avec table universelle pour 3 positions diff\u00e9rentes<\/li>\n<li>avec 4 t\u00eates d&rsquo;agrafage<\/li>\n<li>avec dispositif de centrage et de pressage, compteur, contr\u00f4le des agrafes<\/li>\n<li>D\u00e9clenchement au pied ou automatique<\/li>\n<li>Distance entre les t\u00eates d&rsquo;agrafage : 40 &#8211; 140 mm en continu<\/li>\n<li>Chargement du magasin\/t\u00eate d&rsquo;agrafe : 400 agrafes<\/li>\n<li>Rendement\/t\u00eate d&rsquo;agrafage : env. 1000 agrafes\/h<\/li>\n<li>\u00e9paisseur d&rsquo;agrafage jusqu&rsquo;\u00e0 25 mm<\/li>\n<\/ul>\n","protected":false},"excerpt":{"rendered":"<p>Agrafes normales et \u00e0 anneaux avec table universelle pour 3 positions diff\u00e9rentes avec 4 t\u00eates d&rsquo;agrafage avec dispositif de centrage et de pressage, compteur, contr\u00f4le des agrafes D\u00e9clenchement au pied ou automatique Distance entre les t\u00eates d&rsquo;agrafage : 40 &#8211; 140 mm en continu Chargement du magasin\/t\u00eate d&rsquo;agrafe : 400 agrafes Rendement\/t\u00eate d&rsquo;agrafage : env. [&hellip;]<\/p>\n","protected":false},"featured_media":56262,"template":"","meta":[],"product_brand":[],"product_cat":[2907],"product_tag":[],"class_list":{"0":"post-92034","1":"product","2":"type-product","3":"status-publish","4":"has-post-thumbnail","6":"product_cat-encarteuse-piqueuse","7":"pa_baujahr-198","8":"pa_hersteller-marcetti","9":"pa_typ-galaxia","11":"first","12":"instock","13":"sold-individually","14":"taxable","15":"shipping-taxable","16":"purchasable","17":"product-type-simple"},"jetpack_sharing_enabled":true,"_links":{"self":[{"href":"https:\/\/www.3p-gmbh.de\/fr\/wp-json\/wp\/v2\/product\/92034","targetHints":{"allow":["GET"]}}],"collection":[{"href":"https:\/\/www.3p-gmbh.de\/fr\/wp-json\/wp\/v2\/product"}],"about":[{"href":"https:\/\/www.3p-gmbh.de\/fr\/wp-json\/wp\/v2\/types\/product"}],"wp:featuredmedia":[{"embeddable":true,"href":"https:\/\/www.3p-gmbh.de\/fr\/wp-json\/wp\/v2\/media\/56262"}],"wp:attachment":[{"href":"https:\/\/www.3p-gmbh.de\/fr\/wp-json\/wp\/v2\/media?parent=92034"}],"wp:term":[{"taxonomy":"product_brand","embeddable":true,"href":"https:\/\/www.3p-gmbh.de\/fr\/wp-json\/wp\/v2\/product_brand?post=92034"},{"taxonomy":"product_cat","embeddable":true,"href":"https:\/\/www.3p-gmbh.de\/fr\/wp-json\/wp\/v2\/product_cat?post=92034"},{"taxonomy":"product_tag","embeddable":true,"href":"https:\/\/www.3p-gmbh.de\/fr\/wp-json\/wp\/v2\/product_tag?post=92034"}],"curies":[{"name":"wp","href":"https:\/\/api.w.org\/{rel}","templated":true}]}}