{"id":92028,"date":"2019-07-11T13:57:54","date_gmt":"2019-07-11T13:57:54","guid":{"rendered":"https:\/\/www.3p-gmbh.de\/produkt\/tetes-dagrafage-mueller-martini-hk-75\/"},"modified":"2019-07-11T13:57:54","modified_gmt":"2019-07-11T13:57:54","slug":"agrafeuses-a-fil","status":"publish","type":"product","link":"https:\/\/www.3p-gmbh.de\/fr\/produkt\/agrafeuses-a-fil\/","title":{"rendered":"T\u00eates d&rsquo;agrafage M\u00fcller Martini HK 75"},"content":{"rendered":"<ul>\n<li>T\u00eates d&rsquo;agrafage \u00e0 fil Part 249.0062 avec clincher et pi\u00e8ces de rechange<\/li>\n<li>jusqu&rsquo;\u00e0 pr\u00e9sent \u00e0 l&rsquo;encarteuse-piqueuse MM 1509<\/li>\n<\/ul>\n","protected":false},"excerpt":{"rendered":"<p>T\u00eates d&rsquo;agrafage \u00e0 fil Part 249.0062 avec clincher et pi\u00e8ces de rechange jusqu&rsquo;\u00e0 pr\u00e9sent \u00e0 l&rsquo;encarteuse-piqueuse MM 1509<\/p>\n","protected":false},"featured_media":56253,"template":"","meta":[],"product_brand":[],"product_cat":[2907],"product_tag":[],"class_list":{"0":"post-92028","1":"product","2":"type-product","3":"status-publish","4":"has-post-thumbnail","6":"product_cat-encarteuse-piqueuse","7":"pa_baujahr-123","8":"pa_hersteller-mueller-martini","9":"pa_typ-hk-75","11":"first","12":"instock","13":"sold-individually","14":"taxable","15":"shipping-taxable","16":"purchasable","17":"product-type-simple"},"jetpack_sharing_enabled":true,"_links":{"self":[{"href":"https:\/\/www.3p-gmbh.de\/fr\/wp-json\/wp\/v2\/product\/92028","targetHints":{"allow":["GET"]}}],"collection":[{"href":"https:\/\/www.3p-gmbh.de\/fr\/wp-json\/wp\/v2\/product"}],"about":[{"href":"https:\/\/www.3p-gmbh.de\/fr\/wp-json\/wp\/v2\/types\/product"}],"wp:featuredmedia":[{"embeddable":true,"href":"https:\/\/www.3p-gmbh.de\/fr\/wp-json\/wp\/v2\/media\/56253"}],"wp:attachment":[{"href":"https:\/\/www.3p-gmbh.de\/fr\/wp-json\/wp\/v2\/media?parent=92028"}],"wp:term":[{"taxonomy":"product_brand","embeddable":true,"href":"https:\/\/www.3p-gmbh.de\/fr\/wp-json\/wp\/v2\/product_brand?post=92028"},{"taxonomy":"product_cat","embeddable":true,"href":"https:\/\/www.3p-gmbh.de\/fr\/wp-json\/wp\/v2\/product_cat?post=92028"},{"taxonomy":"product_tag","embeddable":true,"href":"https:\/\/www.3p-gmbh.de\/fr\/wp-json\/wp\/v2\/product_tag?post=92028"}],"curies":[{"name":"wp","href":"https:\/\/api.w.org\/{rel}","templated":true}]}}