{"id":92024,"date":"2019-07-11T13:57:54","date_gmt":"2019-07-11T13:57:54","guid":{"rendered":"https:\/\/www.3p-gmbh.de\/produkt\/agrafeuse-a-fil-hohner-favorit\/"},"modified":"2019-07-11T13:57:54","modified_gmt":"2019-07-11T13:57:54","slug":"agrafeuse-a-fil-a-percussion","status":"publish","type":"product","link":"https:\/\/www.3p-gmbh.de\/fr\/produkt\/agrafeuse-a-fil-a-percussion\/","title":{"rendered":"Agrafeuse \u00e0 fil Hohner Favorit"},"content":{"rendered":"<ul>\n<li>pour l&rsquo;agrafage normal<\/li>\n<li>pour l&rsquo;utilisation de fil d&rsquo;agrafage bobines de 2 kg de fil plat ou rond<\/li>\n<li>Possibilit\u00e9 de passer de la reliure en bloc \u00e0 la reliure en brochure<\/li>\n<li>avec but\u00e9e arri\u00e8re et lat\u00e9rale<\/li>\n<li>D\u00e9clenchement au pied<\/li>\n<li>\u00e9paisseur d&rsquo;agrafe d&rsquo;environ 25 mm (fil de 20) piqu\u00e9 d&rsquo;un c\u00f4t\u00e9<\/li>\n<li>env. 35 mm piqu\u00e9 des deux c\u00f4t\u00e9s<\/li>\n<\/ul>\n","protected":false},"excerpt":{"rendered":"<p>pour l&rsquo;agrafage normal pour l&rsquo;utilisation de fil d&rsquo;agrafage bobines de 2 kg de fil plat ou rond Possibilit\u00e9 de passer de la reliure en bloc \u00e0 la reliure en brochure avec but\u00e9e arri\u00e8re et lat\u00e9rale D\u00e9clenchement au pied \u00e9paisseur d&rsquo;agrafe d&rsquo;environ 25 mm (fil de 20) piqu\u00e9 d&rsquo;un c\u00f4t\u00e9 env. 35 mm piqu\u00e9 des deux [&hellip;]<\/p>\n","protected":false},"featured_media":56261,"template":"","meta":[],"product_brand":[],"product_cat":[2907],"product_tag":[],"class_list":{"0":"post-92024","1":"product","2":"type-product","3":"status-publish","4":"has-post-thumbnail","6":"product_cat-encarteuse-piqueuse","7":"pa_baujahr-272","8":"pa_hersteller-hohner","9":"pa_typ-favorit","11":"first","12":"instock","13":"sold-individually","14":"taxable","15":"shipping-taxable","16":"purchasable","17":"product-type-simple"},"jetpack_sharing_enabled":true,"_links":{"self":[{"href":"https:\/\/www.3p-gmbh.de\/fr\/wp-json\/wp\/v2\/product\/92024","targetHints":{"allow":["GET"]}}],"collection":[{"href":"https:\/\/www.3p-gmbh.de\/fr\/wp-json\/wp\/v2\/product"}],"about":[{"href":"https:\/\/www.3p-gmbh.de\/fr\/wp-json\/wp\/v2\/types\/product"}],"wp:featuredmedia":[{"embeddable":true,"href":"https:\/\/www.3p-gmbh.de\/fr\/wp-json\/wp\/v2\/media\/56261"}],"wp:attachment":[{"href":"https:\/\/www.3p-gmbh.de\/fr\/wp-json\/wp\/v2\/media?parent=92024"}],"wp:term":[{"taxonomy":"product_brand","embeddable":true,"href":"https:\/\/www.3p-gmbh.de\/fr\/wp-json\/wp\/v2\/product_brand?post=92024"},{"taxonomy":"product_cat","embeddable":true,"href":"https:\/\/www.3p-gmbh.de\/fr\/wp-json\/wp\/v2\/product_cat?post=92024"},{"taxonomy":"product_tag","embeddable":true,"href":"https:\/\/www.3p-gmbh.de\/fr\/wp-json\/wp\/v2\/product_tag?post=92024"}],"curies":[{"name":"wp","href":"https:\/\/api.w.org\/{rel}","templated":true}]}}