{"id":92009,"date":"2019-07-11T13:57:54","date_gmt":"2019-07-11T13:57:54","guid":{"rendered":"https:\/\/www.3p-gmbh.de\/produkt\/ernst-nagel-multinak-s-agrafeuse-a-double-tete\/"},"modified":"2019-07-11T13:57:54","modified_gmt":"2019-07-11T13:57:54","slug":"machine-a-brocher-a-double-tete","status":"publish","type":"product","link":"https:\/\/www.3p-gmbh.de\/fr\/produkt\/machine-a-brocher-a-double-tete\/","title":{"rendered":"Ernst Nagel Multinak S Agrafeuse \u00e0 double t\u00eate"},"content":{"rendered":"<ul>\n<li>2 t\u00eates d&rsquo;agrafage n\u00b0 24 avec des agrafes suppl\u00e9mentaires. Plieuse pour anneaux de levage<\/li>\n<li>distances r\u00e9glables de 80 mm \u00e0 155 mm<\/li>\n<li>Brochures et blocs de 2 \u00e0 environ 270 feuilles<\/li>\n<li>longueur d&rsquo;agrafe 6-18 mm<\/li>\n<li>Exploitation \u00e0 pied<\/li>\n<\/ul>\n","protected":false},"excerpt":{"rendered":"<p>2 t\u00eates d&rsquo;agrafage n\u00b0 24 avec des agrafes suppl\u00e9mentaires. Plieuse pour anneaux de levage distances r\u00e9glables de 80 mm \u00e0 155 mm Brochures et blocs de 2 \u00e0 environ 270 feuilles longueur d&rsquo;agrafe 6-18 mm Exploitation \u00e0 pied<\/p>\n","protected":false},"featured_media":56243,"template":"","meta":[],"product_brand":[],"product_cat":[2907],"product_tag":[],"class_list":{"0":"post-92009","1":"product","2":"type-product","3":"status-publish","4":"has-post-thumbnail","6":"product_cat-encarteuse-piqueuse","7":"pa_baujahr-130","8":"pa_hersteller-ernst-nagel","9":"pa_typ-multinak-s","11":"first","12":"instock","13":"sold-individually","14":"taxable","15":"shipping-taxable","16":"purchasable","17":"product-type-simple"},"jetpack_sharing_enabled":true,"_links":{"self":[{"href":"https:\/\/www.3p-gmbh.de\/fr\/wp-json\/wp\/v2\/product\/92009","targetHints":{"allow":["GET"]}}],"collection":[{"href":"https:\/\/www.3p-gmbh.de\/fr\/wp-json\/wp\/v2\/product"}],"about":[{"href":"https:\/\/www.3p-gmbh.de\/fr\/wp-json\/wp\/v2\/types\/product"}],"wp:featuredmedia":[{"embeddable":true,"href":"https:\/\/www.3p-gmbh.de\/fr\/wp-json\/wp\/v2\/media\/56243"}],"wp:attachment":[{"href":"https:\/\/www.3p-gmbh.de\/fr\/wp-json\/wp\/v2\/media?parent=92009"}],"wp:term":[{"taxonomy":"product_brand","embeddable":true,"href":"https:\/\/www.3p-gmbh.de\/fr\/wp-json\/wp\/v2\/product_brand?post=92009"},{"taxonomy":"product_cat","embeddable":true,"href":"https:\/\/www.3p-gmbh.de\/fr\/wp-json\/wp\/v2\/product_cat?post=92009"},{"taxonomy":"product_tag","embeddable":true,"href":"https:\/\/www.3p-gmbh.de\/fr\/wp-json\/wp\/v2\/product_tag?post=92009"}],"curies":[{"name":"wp","href":"https:\/\/api.w.org\/{rel}","templated":true}]}}