{"id":92007,"date":"2019-07-11T13:57:54","date_gmt":"2019-07-11T13:57:54","guid":{"rendered":"https:\/\/www.3p-gmbh.de\/produkt\/gerhard-busch-kf-145-enlevement-des-copeaux\/"},"modified":"2019-07-11T13:57:54","modified_gmt":"2019-07-11T13:57:54","slug":"transport-de-spaen","status":"publish","type":"product","link":"https:\/\/www.3p-gmbh.de\/fr\/produkt\/transport-de-spaen\/","title":{"rendered":"Gerhard Busch KF 145 Enl\u00e8vement des copeaux"},"content":{"rendered":"<p>Les convoyeurs \u00e0 copeaux conviennent pour le raccordement \u00e0 des encarteuses-piqueuses, des relieurs par collage, des massicots \u00e0 trois lames, l&rsquo;\u00e9vacuation des copeaux s&rsquo;effectuant alors \u00e0 angle droit par rapport au massicot \u00e0 trois lames. La combinaison du convoyeur auxiliaire (HF) et du convoyeur de copeaux (KF) peut \u00eatre install\u00e9e en fonction de l&rsquo;espace disponible, c&rsquo;est-\u00e0-dire \u00e0 gauche ou \u00e0 droite de la machine \u00e0 trois lames.<\/p>\n","protected":false},"excerpt":{"rendered":"<p>Les convoyeurs \u00e0 copeaux conviennent pour le raccordement \u00e0 des encarteuses-piqueuses, des relieurs par collage, des massicots \u00e0 trois lames, l&rsquo;\u00e9vacuation des copeaux s&rsquo;effectuant alors \u00e0 angle droit par rapport au massicot \u00e0 trois lames. La combinaison du convoyeur auxiliaire (HF) et du convoyeur de copeaux (KF) peut \u00eatre install\u00e9e en fonction de l&rsquo;espace disponible, [&hellip;]<\/p>\n","protected":false},"featured_media":56983,"template":"","meta":[],"product_brand":[],"product_cat":[2907],"product_tag":[],"class_list":{"0":"post-92007","1":"product","2":"type-product","3":"status-publish","4":"has-post-thumbnail","6":"product_cat-encarteuse-piqueuse","7":"pa_baujahr-452","8":"pa_hersteller-gerhard-busch","9":"pa_typ-buschgraph-kf-145-mit-hf-35","11":"first","12":"instock","13":"sold-individually","14":"taxable","15":"shipping-taxable","16":"purchasable","17":"product-type-simple"},"jetpack_sharing_enabled":true,"_links":{"self":[{"href":"https:\/\/www.3p-gmbh.de\/fr\/wp-json\/wp\/v2\/product\/92007","targetHints":{"allow":["GET"]}}],"collection":[{"href":"https:\/\/www.3p-gmbh.de\/fr\/wp-json\/wp\/v2\/product"}],"about":[{"href":"https:\/\/www.3p-gmbh.de\/fr\/wp-json\/wp\/v2\/types\/product"}],"wp:featuredmedia":[{"embeddable":true,"href":"https:\/\/www.3p-gmbh.de\/fr\/wp-json\/wp\/v2\/media\/56983"}],"wp:attachment":[{"href":"https:\/\/www.3p-gmbh.de\/fr\/wp-json\/wp\/v2\/media?parent=92007"}],"wp:term":[{"taxonomy":"product_brand","embeddable":true,"href":"https:\/\/www.3p-gmbh.de\/fr\/wp-json\/wp\/v2\/product_brand?post=92007"},{"taxonomy":"product_cat","embeddable":true,"href":"https:\/\/www.3p-gmbh.de\/fr\/wp-json\/wp\/v2\/product_cat?post=92007"},{"taxonomy":"product_tag","embeddable":true,"href":"https:\/\/www.3p-gmbh.de\/fr\/wp-json\/wp\/v2\/product_tag?post=92007"}],"curies":[{"name":"wp","href":"https:\/\/api.w.org\/{rel}","templated":true}]}}