{"id":92003,"date":"2019-07-11T13:57:54","date_gmt":"2019-07-11T13:57:54","guid":{"rendered":"https:\/\/www.3p-gmbh.de\/produkt\/tetes-dagrafage-bostitch-9038-m\/"},"modified":"2019-07-11T13:57:54","modified_gmt":"2019-07-11T13:57:54","slug":"agrafeuses-ringoesen-agrafeuses","status":"publish","type":"product","link":"https:\/\/www.3p-gmbh.de\/fr\/produkt\/agrafeuses-ringoesen-agrafeuses\/","title":{"rendered":"T\u00eates d&rsquo;agrafage Bostitch 9038 M"},"content":{"rendered":"<ul>\n<li>T\u00eates d&rsquo;agrafage \u00e0 fil r\u00e9vis\u00e9es pour encarteuses-piqueuses, assembleuses, lignes de calendriers Pfaeffle, Bourg, Harris, Ehlermann, AM Graphics, Sheridan<\/li>\n<li>T\u00eates d&rsquo;anneaux et agrafage normal<\/li>\n<\/ul>\n","protected":false},"excerpt":{"rendered":"<p>T\u00eates d&rsquo;agrafage \u00e0 fil r\u00e9vis\u00e9es pour encarteuses-piqueuses, assembleuses, lignes de calendriers Pfaeffle, Bourg, Harris, Ehlermann, AM Graphics, Sheridan T\u00eates d&rsquo;anneaux et agrafage normal<\/p>\n","protected":false},"featured_media":56239,"template":"","meta":[],"product_brand":[],"product_cat":[2907],"product_tag":[],"class_list":{"0":"post-92003","1":"product","2":"type-product","3":"status-publish","4":"has-post-thumbnail","6":"product_cat-encarteuse-piqueuse","7":"pa_hersteller-bostitch","8":"pa_typ-9038-m","10":"first","11":"instock","12":"sold-individually","13":"taxable","14":"shipping-taxable","15":"purchasable","16":"product-type-simple"},"jetpack_sharing_enabled":true,"_links":{"self":[{"href":"https:\/\/www.3p-gmbh.de\/fr\/wp-json\/wp\/v2\/product\/92003","targetHints":{"allow":["GET"]}}],"collection":[{"href":"https:\/\/www.3p-gmbh.de\/fr\/wp-json\/wp\/v2\/product"}],"about":[{"href":"https:\/\/www.3p-gmbh.de\/fr\/wp-json\/wp\/v2\/types\/product"}],"wp:featuredmedia":[{"embeddable":true,"href":"https:\/\/www.3p-gmbh.de\/fr\/wp-json\/wp\/v2\/media\/56239"}],"wp:attachment":[{"href":"https:\/\/www.3p-gmbh.de\/fr\/wp-json\/wp\/v2\/media?parent=92003"}],"wp:term":[{"taxonomy":"product_brand","embeddable":true,"href":"https:\/\/www.3p-gmbh.de\/fr\/wp-json\/wp\/v2\/product_brand?post=92003"},{"taxonomy":"product_cat","embeddable":true,"href":"https:\/\/www.3p-gmbh.de\/fr\/wp-json\/wp\/v2\/product_cat?post=92003"},{"taxonomy":"product_tag","embeddable":true,"href":"https:\/\/www.3p-gmbh.de\/fr\/wp-json\/wp\/v2\/product_tag?post=92003"}],"curies":[{"name":"wp","href":"https:\/\/api.w.org\/{rel}","templated":true}]}}