{"id":91990,"date":"2019-07-11T13:57:54","date_gmt":"2019-07-11T13:57:54","guid":{"rendered":"https:\/\/www.3p-gmbh.de\/produkt\/agrafeuse-a-fil-agrafix-bx\/"},"modified":"2019-07-11T13:57:54","modified_gmt":"2019-07-11T13:57:54","slug":"agrafeuse-industrielle-a-fil","status":"publish","type":"product","link":"https:\/\/www.3p-gmbh.de\/fr\/produkt\/agrafeuse-industrielle-a-fil\/","title":{"rendered":"Agrafeuse \u00e0 fil Agrafix BX"},"content":{"rendered":"<ul>\n<li>\u00c9paisseur d&rsquo;agrafage : jusqu&rsquo;\u00e0 25 mm<\/li>\n<li>Gorges : jusqu&rsquo;\u00e0 40 mm<\/li>\n<li>Agrafage en bloc\/\u00e0 cheval (table pivotante)<\/li>\n<li>Largeur de l&rsquo;agrafe : 14 mm<\/li>\n<li>Vitesse d&rsquo;agrafage : jusqu&rsquo;\u00e0 170 agrafes\/minute<\/li>\n<li>\u00c9paisseurs de fil : fil rond n\u00b0 30 \u00e0 21<\/li>\n<li>Fil plat : n\u00b0 O \u00e0 V<\/li>\n<li>Raccordement au courant triphas\u00e9 380 V, env. 240 kg<\/li>\n<\/ul>\n","protected":false},"excerpt":{"rendered":"<p>\u00c9paisseur d&rsquo;agrafage : jusqu&rsquo;\u00e0 25 mm Gorges : jusqu&rsquo;\u00e0 40 mm Agrafage en bloc\/\u00e0 cheval (table pivotante) Largeur de l&rsquo;agrafe : 14 mm Vitesse d&rsquo;agrafage : jusqu&rsquo;\u00e0 170 agrafes\/minute \u00c9paisseurs de fil : fil rond n\u00b0 30 \u00e0 21 Fil plat : n\u00b0 O \u00e0 V Raccordement au courant triphas\u00e9 380 V, env. 240 kg<\/p>\n","protected":false},"featured_media":56207,"template":"","meta":[],"product_brand":[],"product_cat":[2907],"product_tag":[],"class_list":{"0":"post-91990","1":"product","2":"type-product","3":"status-publish","4":"has-post-thumbnail","6":"product_cat-encarteuse-piqueuse","7":"pa_baujahr-272","8":"pa_hersteller-agrafix","9":"pa_typ-bx","11":"first","12":"instock","13":"sold-individually","14":"taxable","15":"shipping-taxable","16":"purchasable","17":"product-type-simple"},"jetpack_sharing_enabled":true,"_links":{"self":[{"href":"https:\/\/www.3p-gmbh.de\/fr\/wp-json\/wp\/v2\/product\/91990","targetHints":{"allow":["GET"]}}],"collection":[{"href":"https:\/\/www.3p-gmbh.de\/fr\/wp-json\/wp\/v2\/product"}],"about":[{"href":"https:\/\/www.3p-gmbh.de\/fr\/wp-json\/wp\/v2\/types\/product"}],"wp:featuredmedia":[{"embeddable":true,"href":"https:\/\/www.3p-gmbh.de\/fr\/wp-json\/wp\/v2\/media\/56207"}],"wp:attachment":[{"href":"https:\/\/www.3p-gmbh.de\/fr\/wp-json\/wp\/v2\/media?parent=91990"}],"wp:term":[{"taxonomy":"product_brand","embeddable":true,"href":"https:\/\/www.3p-gmbh.de\/fr\/wp-json\/wp\/v2\/product_brand?post=91990"},{"taxonomy":"product_cat","embeddable":true,"href":"https:\/\/www.3p-gmbh.de\/fr\/wp-json\/wp\/v2\/product_cat?post=91990"},{"taxonomy":"product_tag","embeddable":true,"href":"https:\/\/www.3p-gmbh.de\/fr\/wp-json\/wp\/v2\/product_tag?post=91990"}],"curies":[{"name":"wp","href":"https:\/\/api.w.org\/{rel}","templated":true}]}}