{"id":91980,"date":"2019-07-11T13:57:54","date_gmt":"2019-07-11T13:57:54","guid":{"rendered":"https:\/\/www.3p-gmbh.de\/produkt\/mueller-martini-1509-encarteuse-piqueuse\/"},"modified":"2019-07-11T13:57:54","modified_gmt":"2019-07-11T13:57:54","slug":"classeur-a-levier-7","status":"publish","type":"product","link":"https:\/\/www.3p-gmbh.de\/fr\/produkt\/classeur-a-levier-7\/","title":{"rendered":"M\u00fcller Martini 1509 Encarteuse-piqueuse"},"content":{"rendered":"<ul>\n<li>3 double-appui 1533<\/li>\n<li>1 agrafeuse 1509 avec 2 t\u00eates d&rsquo;agrafage \u00e9troites 1509.0062 et 2 t\u00eates \u00e0 anneaux 249.0050<\/li>\n<li>1 trimmer 1522<\/li>\n<li>1 sortie de caisse avec dispositif de comptage<\/li>\n<\/ul>\n","protected":false},"excerpt":{"rendered":"<p>3 double-appui 1533 1 agrafeuse 1509 avec 2 t\u00eates d&rsquo;agrafage \u00e9troites 1509.0062 et 2 t\u00eates \u00e0 anneaux 249.0050 1 trimmer 1522 1 sortie de caisse avec dispositif de comptage<\/p>\n","protected":false},"featured_media":56218,"template":"","meta":[],"product_brand":[],"product_cat":[2907],"product_tag":[],"class_list":{"0":"post-91980","1":"product","2":"type-product","3":"status-publish","4":"has-post-thumbnail","6":"product_cat-encarteuse-piqueuse","7":"pa_baujahr-262","8":"pa_hersteller-mueller-martini","9":"pa_typ-1217","11":"first","12":"instock","13":"sold-individually","14":"taxable","15":"shipping-taxable","16":"purchasable","17":"product-type-simple"},"jetpack_sharing_enabled":true,"_links":{"self":[{"href":"https:\/\/www.3p-gmbh.de\/fr\/wp-json\/wp\/v2\/product\/91980","targetHints":{"allow":["GET"]}}],"collection":[{"href":"https:\/\/www.3p-gmbh.de\/fr\/wp-json\/wp\/v2\/product"}],"about":[{"href":"https:\/\/www.3p-gmbh.de\/fr\/wp-json\/wp\/v2\/types\/product"}],"wp:featuredmedia":[{"embeddable":true,"href":"https:\/\/www.3p-gmbh.de\/fr\/wp-json\/wp\/v2\/media\/56218"}],"wp:attachment":[{"href":"https:\/\/www.3p-gmbh.de\/fr\/wp-json\/wp\/v2\/media?parent=91980"}],"wp:term":[{"taxonomy":"product_brand","embeddable":true,"href":"https:\/\/www.3p-gmbh.de\/fr\/wp-json\/wp\/v2\/product_brand?post=91980"},{"taxonomy":"product_cat","embeddable":true,"href":"https:\/\/www.3p-gmbh.de\/fr\/wp-json\/wp\/v2\/product_cat?post=91980"},{"taxonomy":"product_tag","embeddable":true,"href":"https:\/\/www.3p-gmbh.de\/fr\/wp-json\/wp\/v2\/product_tag?post=91980"}],"curies":[{"name":"wp","href":"https:\/\/api.w.org\/{rel}","templated":true}]}}