{"id":91973,"date":"2019-07-11T13:57:54","date_gmt":"2019-07-11T13:57:54","guid":{"rendered":"https:\/\/www.3p-gmbh.de\/produkt\/encarteuse-piqueuse-mueller-martini-presto\/"},"modified":"2019-07-11T13:57:54","modified_gmt":"2019-07-11T13:57:54","slug":"classeur-a-levier-5","status":"publish","type":"product","link":"https:\/\/www.3p-gmbh.de\/fr\/produkt\/classeur-a-levier-5\/","title":{"rendered":"Encarteuse-piqueuse M\u00fcller Martini Presto"},"content":{"rendered":"<ul>\n<li>3 x margeur double compact 1551 avec ajout de petits formats et surveillance de la pile restante<\/li>\n<li>Margeur d&rsquo;enveloppes 1528<\/li>\n<li>Unit\u00e9 d&rsquo;agrafage Presto 1550<\/li>\n<li>2 x t\u00eates d&rsquo;agrafage HK-75<\/li>\n<li>Trancheur \u00e0 trois lames 1522<\/li>\n<li>Poseur de croix Pratico<\/li>\n<li>Pompe<\/li>\n<li>En option : autres t\u00eates d&rsquo;agrafage, dispositif de coupe centrale<\/li>\n<\/ul>\n","protected":false},"excerpt":{"rendered":"<p>3 x margeur double compact 1551 avec ajout de petits formats et surveillance de la pile restante Margeur d&rsquo;enveloppes 1528 Unit\u00e9 d&rsquo;agrafage Presto 1550 2 x t\u00eates d&rsquo;agrafage HK-75 Trancheur \u00e0 trois lames 1522 Poseur de croix Pratico Pompe En option : autres t\u00eates d&rsquo;agrafage, dispositif de coupe centrale<\/p>\n","protected":false},"featured_media":56204,"template":"","meta":[],"product_brand":[],"product_cat":[2907],"product_tag":[],"class_list":{"0":"post-91973","1":"product","2":"type-product","3":"status-publish","4":"has-post-thumbnail","6":"product_cat-encarteuse-piqueuse","7":"pa_baujahr-123","8":"pa_hersteller-mueller-martini","9":"pa_typ-presto","11":"first","12":"instock","13":"sold-individually","14":"taxable","15":"shipping-taxable","16":"purchasable","17":"product-type-simple"},"jetpack_sharing_enabled":true,"_links":{"self":[{"href":"https:\/\/www.3p-gmbh.de\/fr\/wp-json\/wp\/v2\/product\/91973","targetHints":{"allow":["GET"]}}],"collection":[{"href":"https:\/\/www.3p-gmbh.de\/fr\/wp-json\/wp\/v2\/product"}],"about":[{"href":"https:\/\/www.3p-gmbh.de\/fr\/wp-json\/wp\/v2\/types\/product"}],"wp:featuredmedia":[{"embeddable":true,"href":"https:\/\/www.3p-gmbh.de\/fr\/wp-json\/wp\/v2\/media\/56204"}],"wp:attachment":[{"href":"https:\/\/www.3p-gmbh.de\/fr\/wp-json\/wp\/v2\/media?parent=91973"}],"wp:term":[{"taxonomy":"product_brand","embeddable":true,"href":"https:\/\/www.3p-gmbh.de\/fr\/wp-json\/wp\/v2\/product_brand?post=91973"},{"taxonomy":"product_cat","embeddable":true,"href":"https:\/\/www.3p-gmbh.de\/fr\/wp-json\/wp\/v2\/product_cat?post=91973"},{"taxonomy":"product_tag","embeddable":true,"href":"https:\/\/www.3p-gmbh.de\/fr\/wp-json\/wp\/v2\/product_tag?post=91973"}],"curies":[{"name":"wp","href":"https:\/\/api.w.org\/{rel}","templated":true}]}}