{"id":91966,"date":"2019-07-11T13:57:54","date_gmt":"2019-07-11T13:57:54","guid":{"rendered":"https:\/\/www.3p-gmbh.de\/produkt\/agrafeuse-a-fil-hohner-exact\/"},"modified":"2019-07-11T13:57:54","modified_gmt":"2019-07-11T13:57:54","slug":"agrafeuse-a-fil-3","status":"publish","type":"product","link":"https:\/\/www.3p-gmbh.de\/fr\/produkt\/agrafeuse-a-fil-3\/","title":{"rendered":"Agrafeuse \u00e0 fil Hohner Exact"},"content":{"rendered":"<ul>\n<li>Installation de jusqu&rsquo;\u00e0 quatre t\u00eates d&rsquo;agrafage \u00e9troites Hohner Universal 52\/8 pour un agrafage normal, un agrafage \u00e0 \u0153illets ou une utilisation mixte<\/li>\n<li>Convient tout aussi bien comme machine autonome que comme groupe int\u00e9gr\u00e9<\/li>\n<li>Epaisseur d&rsquo;agrafage maximale de 8 mm en agrafage normal<\/li>\n<li>Table d&rsquo;agrafage facilement r\u00e9versible : droite pour les blocs, inclin\u00e9e pour les brochures<\/li>\n<li>L&rsquo;\u00e9paisseur de l&rsquo;agrafe et la longueur du fil sont r\u00e9gl\u00e9es simultan\u00e9ment et centralement pour toutes les t\u00eates \u00e0 l&rsquo;aide d&rsquo;un seul levier<\/li>\n<li>Une but\u00e9e arri\u00e8re et deux but\u00e9es lat\u00e9rales, toutes r\u00e9glables, garantissent que les agrafes sont toujours positionn\u00e9es \u00e0 l&rsquo;endroit souhait\u00e9<\/li>\n<li>Les t\u00eates d&rsquo;agrafage peuvent \u00eatre retir\u00e9es ou install\u00e9es rapidement, d\u00e9plac\u00e9es lat\u00e9ralement ou simplement d\u00e9sactiv\u00e9es temporairement.<\/li>\n<li>Capacit\u00e9 d&rsquo;agrafage maximale : par t\u00eate 206 agrafes \/ min<\/li>\n<li>D\u00e9clenchement au pied<\/li>\n<li>Dimensions de la table : 550 x 280 mm<\/li>\n<li>profondeur d&rsquo;insertion \u00e0 partir du bo\u00eetier de sonnette 165 mm<\/li>\n<li>Distance entre les agrafes max. 330mm<\/li>\n<li>Espacement des agrafes min. 52-62 mm<\/li>\n<\/ul>\n","protected":false},"excerpt":{"rendered":"<p>Installation de jusqu&rsquo;\u00e0 quatre t\u00eates d&rsquo;agrafage \u00e9troites Hohner Universal 52\/8 pour un agrafage normal, un agrafage \u00e0 \u0153illets ou une utilisation mixte Convient tout aussi bien comme machine autonome que comme groupe int\u00e9gr\u00e9 Epaisseur d&rsquo;agrafage maximale de 8 mm en agrafage normal Table d&rsquo;agrafage facilement r\u00e9versible : droite pour les blocs, inclin\u00e9e pour les brochures [&hellip;]<\/p>\n","protected":false},"featured_media":56197,"template":"","meta":[],"product_brand":[],"product_cat":[2907],"product_tag":[],"class_list":{"0":"post-91966","1":"product","2":"type-product","3":"status-publish","4":"has-post-thumbnail","6":"product_cat-encarteuse-piqueuse","7":"pa_baujahr-188","8":"pa_hersteller-hohner","9":"pa_typ-exact","11":"first","12":"instock","13":"sold-individually","14":"taxable","15":"shipping-taxable","16":"purchasable","17":"product-type-simple"},"jetpack_sharing_enabled":true,"_links":{"self":[{"href":"https:\/\/www.3p-gmbh.de\/fr\/wp-json\/wp\/v2\/product\/91966","targetHints":{"allow":["GET"]}}],"collection":[{"href":"https:\/\/www.3p-gmbh.de\/fr\/wp-json\/wp\/v2\/product"}],"about":[{"href":"https:\/\/www.3p-gmbh.de\/fr\/wp-json\/wp\/v2\/types\/product"}],"wp:featuredmedia":[{"embeddable":true,"href":"https:\/\/www.3p-gmbh.de\/fr\/wp-json\/wp\/v2\/media\/56197"}],"wp:attachment":[{"href":"https:\/\/www.3p-gmbh.de\/fr\/wp-json\/wp\/v2\/media?parent=91966"}],"wp:term":[{"taxonomy":"product_brand","embeddable":true,"href":"https:\/\/www.3p-gmbh.de\/fr\/wp-json\/wp\/v2\/product_brand?post=91966"},{"taxonomy":"product_cat","embeddable":true,"href":"https:\/\/www.3p-gmbh.de\/fr\/wp-json\/wp\/v2\/product_cat?post=91966"},{"taxonomy":"product_tag","embeddable":true,"href":"https:\/\/www.3p-gmbh.de\/fr\/wp-json\/wp\/v2\/product_tag?post=91966"}],"curies":[{"name":"wp","href":"https:\/\/api.w.org\/{rel}","templated":true}]}}