{"id":91963,"date":"2019-07-11T13:58:04","date_gmt":"2019-07-11T13:58:04","guid":{"rendered":"https:\/\/www.3p-gmbh.de\/produkt\/encarteuse-piqueuse-mueller-martini-221\/"},"modified":"2019-07-11T13:58:04","modified_gmt":"2019-07-11T13:58:04","slug":"classeur-a-levier-11","status":"publish","type":"product","link":"https:\/\/www.3p-gmbh.de\/fr\/produkt\/classeur-a-levier-11\/","title":{"rendered":"Encarteuse-piqueuse M\u00fcller Martini 221"},"content":{"rendered":"<p>&#8211; 7 Investisseur 888<br \/>\n&#8211; 2 suppl\u00e9ments de main<br \/>\n&#8211; 1 station d&rsquo;agrafage 221<br \/>\n&#8211; 1 couteau \u00e0 trois lames avec coupe centrale 217<br \/>\n&#8211; Exposition en \u00e9cailles<\/p>\n<p>en option : croisillon Rima mod\u00e8le RS-11 9-1\/4<\/p>\n","protected":false},"excerpt":{"rendered":"<p>&#8211; 7 Investisseur 888 &#8211; 2 suppl\u00e9ments de main &#8211; 1 station d&rsquo;agrafage 221 &#8211; 1 couteau \u00e0 trois lames avec coupe centrale 217 &#8211; Exposition en \u00e9cailles en option : croisillon Rima mod\u00e8le RS-11 9-1\/4<\/p>\n","protected":false},"featured_media":56295,"template":"","meta":[],"product_brand":[],"product_cat":[2907],"product_tag":[],"class_list":{"0":"post-91963","1":"product","2":"type-product","3":"status-publish","4":"has-post-thumbnail","6":"product_cat-encarteuse-piqueuse","7":"pa_baujahr-196","8":"pa_hersteller-mueller-martini","9":"pa_typ-1239","11":"first","12":"instock","13":"sold-individually","14":"taxable","15":"shipping-taxable","16":"purchasable","17":"product-type-simple"},"jetpack_sharing_enabled":true,"_links":{"self":[{"href":"https:\/\/www.3p-gmbh.de\/fr\/wp-json\/wp\/v2\/product\/91963","targetHints":{"allow":["GET"]}}],"collection":[{"href":"https:\/\/www.3p-gmbh.de\/fr\/wp-json\/wp\/v2\/product"}],"about":[{"href":"https:\/\/www.3p-gmbh.de\/fr\/wp-json\/wp\/v2\/types\/product"}],"wp:featuredmedia":[{"embeddable":true,"href":"https:\/\/www.3p-gmbh.de\/fr\/wp-json\/wp\/v2\/media\/56295"}],"wp:attachment":[{"href":"https:\/\/www.3p-gmbh.de\/fr\/wp-json\/wp\/v2\/media?parent=91963"}],"wp:term":[{"taxonomy":"product_brand","embeddable":true,"href":"https:\/\/www.3p-gmbh.de\/fr\/wp-json\/wp\/v2\/product_brand?post=91963"},{"taxonomy":"product_cat","embeddable":true,"href":"https:\/\/www.3p-gmbh.de\/fr\/wp-json\/wp\/v2\/product_cat?post=91963"},{"taxonomy":"product_tag","embeddable":true,"href":"https:\/\/www.3p-gmbh.de\/fr\/wp-json\/wp\/v2\/product_tag?post=91963"}],"curies":[{"name":"wp","href":"https:\/\/api.w.org\/{rel}","templated":true}]}}