{"id":91957,"date":"2019-07-11T13:58:04","date_gmt":"2019-07-11T13:58:04","guid":{"rendered":"https:\/\/www.3p-gmbh.de\/produkt\/heidelberg-st-400-encarteuse-piqueuse-a-reglage-automatique\/"},"modified":"2019-07-11T13:58:04","modified_gmt":"2019-07-11T13:58:04","slug":"encarteuse-piqueuse-a-reglage-automatique","status":"publish","type":"product","link":"https:\/\/www.3p-gmbh.de\/fr\/produkt\/encarteuse-piqueuse-a-reglage-automatique\/","title":{"rendered":"Heidelberg ST-400 encarteuse-piqueuse \u00e0 r\u00e9glage automatique"},"content":{"rendered":"<p>Ann\u00e9e de construction 9-2001<br \/>\nenviron 14920 heures de marche<br \/>\nPuissance (m\u00e9canique) max. 14.000cycles\/h<br \/>\nFormat non coup\u00e9 min. 92 x 128mm &#8211; max. 320 x 480mm<br \/>\nFormat rogn\u00e9 min. 89 x 120mm &#8211; max. 305 x 474mm<br \/>\nFormats pour utilisation multiple sur demande<br \/>\n\u00c9paisseur du produit : max. 12mm<\/p>\n<p>\u00c9quipement :<br \/>\n1 x margeur de pliage d&rsquo;enveloppes (UFA)<br \/>\n4 x margeur \u00e0 tambour vertical TAS<br \/>\n2 x margeur \u00e0 tambour couch\u00e9 TAL<br \/>\n7 x support de cha\u00eene avec guide (1 m)<br \/>\n1 x sortie de la bande de feuilles manquantes avec r\u00e9gulation par intervalles<br \/>\n1 x station d&rsquo;agrafage ST 400<br \/>\n4 x t\u00eates d&rsquo;agrafage Normal<br \/>\n4 x t\u00eates d&rsquo;agrafage Ringoese<br \/>\n1 x contr\u00f4le des agrafes<br \/>\n1 x contr\u00f4le de l&rsquo;\u00e9paisseur<br \/>\n1 x dispositif petit format<br \/>\n1 x dispositif de coupe centrale<br \/>\n1 x table de marquage de transfert avec aiguillage de rejet<br \/>\n1 x convoyeur de copeaux inlog de 2007<br \/>\n1 x croisillon RIMA RS-12S<\/p>\n","protected":false},"excerpt":{"rendered":"<p>Ann\u00e9e de construction 9-2001 environ 14920 heures de marche Puissance (m\u00e9canique) max. 14.000cycles\/h Format non coup\u00e9 min. 92 x 128mm &#8211; max. 320 x 480mm Format rogn\u00e9 min. 89 x 120mm &#8211; max. 305 x 474mm Formats pour utilisation multiple sur demande \u00c9paisseur du produit : max. 12mm \u00c9quipement : 1 x margeur de pliage [&hellip;]<\/p>\n","protected":false},"featured_media":56950,"template":"","meta":[],"product_brand":[],"product_cat":[2907],"product_tag":[],"class_list":{"0":"post-91957","1":"product","2":"type-product","3":"status-publish","4":"has-post-thumbnail","6":"product_cat-encarteuse-piqueuse","7":"pa_baujahr-130","8":"pa_hersteller-heidelberg","9":"pa_typ-stitchmaster-st-400","11":"first","12":"instock","13":"sold-individually","14":"taxable","15":"shipping-taxable","16":"purchasable","17":"product-type-simple"},"jetpack_sharing_enabled":true,"_links":{"self":[{"href":"https:\/\/www.3p-gmbh.de\/fr\/wp-json\/wp\/v2\/product\/91957","targetHints":{"allow":["GET"]}}],"collection":[{"href":"https:\/\/www.3p-gmbh.de\/fr\/wp-json\/wp\/v2\/product"}],"about":[{"href":"https:\/\/www.3p-gmbh.de\/fr\/wp-json\/wp\/v2\/types\/product"}],"wp:featuredmedia":[{"embeddable":true,"href":"https:\/\/www.3p-gmbh.de\/fr\/wp-json\/wp\/v2\/media\/56950"}],"wp:attachment":[{"href":"https:\/\/www.3p-gmbh.de\/fr\/wp-json\/wp\/v2\/media?parent=91957"}],"wp:term":[{"taxonomy":"product_brand","embeddable":true,"href":"https:\/\/www.3p-gmbh.de\/fr\/wp-json\/wp\/v2\/product_brand?post=91957"},{"taxonomy":"product_cat","embeddable":true,"href":"https:\/\/www.3p-gmbh.de\/fr\/wp-json\/wp\/v2\/product_cat?post=91957"},{"taxonomy":"product_tag","embeddable":true,"href":"https:\/\/www.3p-gmbh.de\/fr\/wp-json\/wp\/v2\/product_tag?post=91957"}],"curies":[{"name":"wp","href":"https:\/\/api.w.org\/{rel}","templated":true}]}}