{"id":91949,"date":"2019-07-11T13:58:04","date_gmt":"2019-07-11T13:58:04","guid":{"rendered":"https:\/\/www.3p-gmbh.de\/produkt\/tetes-dagrafage-heidelberg-acier-pour-encarteuse-piqueuse\/"},"modified":"2019-07-11T13:58:04","modified_gmt":"2019-07-11T13:58:04","slug":"fil-de-feriste-2","status":"publish","type":"product","link":"https:\/\/www.3p-gmbh.de\/fr\/produkt\/fil-de-feriste-2\/","title":{"rendered":"T\u00eates d&rsquo;agrafage Heidelberg\/acier pour encarteuse-piqueuse"},"content":{"rendered":"<p>diverses t\u00eates d&rsquo;agrafage pour encarteuses-piqueuses Heidelberg ST 350, ST 400, ST 450, ST 500<br \/>\n&#8211; Acier 45-N14 avec bo\u00eetier de sonnette &amp; poign\u00e9e de pliage (OVP)<br \/>\n&#8211; Acier 50-L8 Anneau de levage 8mm<br \/>\n&#8211; Acier 50-L6 Anneau de levage 6mm<br \/>\n&#8211; Hohner SB 55 Anneau avec bo\u00eete de sonnerie et poussoir de pliage<br \/>\n&#8211; Hohner SB 50 avec bo\u00eete de sonnerie et poussoir de pliage<\/p>\n<p>***ou alternativement demander d&rsquo;autres produits***<\/p>\n","protected":false},"excerpt":{"rendered":"<p>diverses t\u00eates d&rsquo;agrafage pour encarteuses-piqueuses Heidelberg ST 350, ST 400, ST 450, ST 500 &#8211; Acier 45-N14 avec bo\u00eetier de sonnette &amp; poign\u00e9e de pliage (OVP) &#8211; Acier 50-L8 Anneau de levage 8mm &#8211; Acier 50-L6 Anneau de levage 6mm &#8211; Hohner SB 55 Anneau avec bo\u00eete de sonnerie et poussoir de pliage &#8211; Hohner [&hellip;]<\/p>\n","protected":false},"featured_media":56276,"template":"","meta":[],"product_brand":[],"product_cat":[2907],"product_tag":[],"class_list":{"0":"post-91949","1":"product","2":"type-product","3":"status-publish","4":"has-post-thumbnail","6":"product_cat-encarteuse-piqueuse","7":"pa_hersteller-heidelberg-stahl","8":"pa_typ-45-n14-50-8l-50-l6","10":"first","11":"instock","12":"sold-individually","13":"taxable","14":"shipping-taxable","15":"purchasable","16":"product-type-simple"},"jetpack_sharing_enabled":true,"_links":{"self":[{"href":"https:\/\/www.3p-gmbh.de\/fr\/wp-json\/wp\/v2\/product\/91949","targetHints":{"allow":["GET"]}}],"collection":[{"href":"https:\/\/www.3p-gmbh.de\/fr\/wp-json\/wp\/v2\/product"}],"about":[{"href":"https:\/\/www.3p-gmbh.de\/fr\/wp-json\/wp\/v2\/types\/product"}],"wp:featuredmedia":[{"embeddable":true,"href":"https:\/\/www.3p-gmbh.de\/fr\/wp-json\/wp\/v2\/media\/56276"}],"wp:attachment":[{"href":"https:\/\/www.3p-gmbh.de\/fr\/wp-json\/wp\/v2\/media?parent=91949"}],"wp:term":[{"taxonomy":"product_brand","embeddable":true,"href":"https:\/\/www.3p-gmbh.de\/fr\/wp-json\/wp\/v2\/product_brand?post=91949"},{"taxonomy":"product_cat","embeddable":true,"href":"https:\/\/www.3p-gmbh.de\/fr\/wp-json\/wp\/v2\/product_cat?post=91949"},{"taxonomy":"product_tag","embeddable":true,"href":"https:\/\/www.3p-gmbh.de\/fr\/wp-json\/wp\/v2\/product_tag?post=91949"}],"curies":[{"name":"wp","href":"https:\/\/api.w.org\/{rel}","templated":true}]}}