{"id":91946,"date":"2019-07-11T13:58:04","date_gmt":"2019-07-11T13:58:04","guid":{"rendered":"https:\/\/www.3p-gmbh.de\/produkt\/hohner-52-8-s-l8-agrafeuses-a-anneaux\/"},"modified":"2019-07-11T13:58:04","modified_gmt":"2019-07-11T13:58:04","slug":"ringoesenheftkoepfe-3","status":"publish","type":"product","link":"https:\/\/www.3p-gmbh.de\/fr\/produkt\/ringoesenheftkoepfe-3\/","title":{"rendered":"Hohner 52-8 S L8 Agrafeuses \u00e0 anneaux"},"content":{"rendered":"<p>Avec ses kits de pi\u00e8ces interchangeables en option pour diff\u00e9rentes longueurs de dos d&rsquo;agrafes, diam\u00e8tres d&rsquo;anneaux et types de fils, il s&rsquo;agit toujours de la t\u00eate d&rsquo;agrafage la plus flexible et la plus polyvalente du march\u00e9 \u00e0 l&rsquo;heure actuelle, adapt\u00e9e \u00e0 des vitesses maximales allant jusqu&rsquo;\u00e0 20 000 agrafages\/heure.<\/p>\n<p>&#8211; Diversit\u00e9 extr\u00eame des parenth\u00e8ses<br \/>\n&#8211; pi\u00e8ces interchangeables en option, ce qui permet de r\u00e9duire les co\u00fbts<br \/>\n&#8211; r\u00e9glage central rapide de la longueur des fils et de l&rsquo;\u00e9paisseur des agrafes<br \/>\n&#8211; avec bo\u00eetier en aluminium<br \/>\n&#8211; r\u00e9glage convivial et sans outil de la longueur du fil<br \/>\n&#8211; serre-flan extr\u00eamement \u00e9troit et robuste<\/p>\n","protected":false},"excerpt":{"rendered":"<p>Avec ses kits de pi\u00e8ces interchangeables en option pour diff\u00e9rentes longueurs de dos d&rsquo;agrafes, diam\u00e8tres d&rsquo;anneaux et types de fils, il s&rsquo;agit toujours de la t\u00eate d&rsquo;agrafage la plus flexible et la plus polyvalente du march\u00e9 \u00e0 l&rsquo;heure actuelle, adapt\u00e9e \u00e0 des vitesses maximales allant jusqu&rsquo;\u00e0 20 000 agrafages\/heure. &#8211; Diversit\u00e9 extr\u00eame des parenth\u00e8ses &#8211; [&hellip;]<\/p>\n","protected":false},"featured_media":56289,"template":"","meta":[],"product_brand":[],"product_cat":[2907],"product_tag":[],"class_list":{"0":"post-91946","1":"product","2":"type-product","3":"status-publish","4":"has-post-thumbnail","6":"product_cat-encarteuse-piqueuse","7":"pa_baujahr-326","8":"pa_hersteller-hohner-maschinenbau","9":"pa_typ-52-8-s-l8","11":"first","12":"instock","13":"sold-individually","14":"taxable","15":"shipping-taxable","16":"purchasable","17":"product-type-simple"},"jetpack_sharing_enabled":true,"_links":{"self":[{"href":"https:\/\/www.3p-gmbh.de\/fr\/wp-json\/wp\/v2\/product\/91946","targetHints":{"allow":["GET"]}}],"collection":[{"href":"https:\/\/www.3p-gmbh.de\/fr\/wp-json\/wp\/v2\/product"}],"about":[{"href":"https:\/\/www.3p-gmbh.de\/fr\/wp-json\/wp\/v2\/types\/product"}],"wp:featuredmedia":[{"embeddable":true,"href":"https:\/\/www.3p-gmbh.de\/fr\/wp-json\/wp\/v2\/media\/56289"}],"wp:attachment":[{"href":"https:\/\/www.3p-gmbh.de\/fr\/wp-json\/wp\/v2\/media?parent=91946"}],"wp:term":[{"taxonomy":"product_brand","embeddable":true,"href":"https:\/\/www.3p-gmbh.de\/fr\/wp-json\/wp\/v2\/product_brand?post=91946"},{"taxonomy":"product_cat","embeddable":true,"href":"https:\/\/www.3p-gmbh.de\/fr\/wp-json\/wp\/v2\/product_cat?post=91946"},{"taxonomy":"product_tag","embeddable":true,"href":"https:\/\/www.3p-gmbh.de\/fr\/wp-json\/wp\/v2\/product_tag?post=91946"}],"curies":[{"name":"wp","href":"https:\/\/api.w.org\/{rel}","templated":true}]}}