{"id":91945,"date":"2019-07-11T13:58:04","date_gmt":"2019-07-11T13:58:04","guid":{"rendered":"https:\/\/www.3p-gmbh.de\/produkt\/brehmer-polygraph-781-agrafeuse-a-fil-a-bras-long\/"},"modified":"2019-07-11T13:58:04","modified_gmt":"2019-07-11T13:58:04","slug":"agrafeuse-a-fil-a-bras-long","status":"publish","type":"product","link":"https:\/\/www.3p-gmbh.de\/fr\/produkt\/agrafeuse-a-fil-a-bras-long\/","title":{"rendered":"Brehmer\/Polygraph 781 Agrafeuse \u00e0 fil \u00e0 bras long"},"content":{"rendered":"<p>Agrafeuse \u00e0 fil \u00e0 bras long Brehmer Polygraph 781-1-L50 FR<br \/>\nAgrafeuse pour cartons, longueur de bras env.50 cm<\/p>\n","protected":false},"excerpt":{"rendered":"<p>Agrafeuse \u00e0 fil \u00e0 bras long Brehmer Polygraph 781-1-L50 FR Agrafeuse pour cartons, longueur de bras env.50 cm<\/p>\n","protected":false},"featured_media":56282,"template":"","meta":[],"product_brand":[],"product_cat":[2907],"product_tag":[],"class_list":{"0":"post-91945","1":"product","2":"type-product","3":"status-publish","4":"has-post-thumbnail","6":"product_cat-encarteuse-piqueuse","7":"pa_baujahr-282","8":"pa_hersteller-brehmer-polygraph","9":"pa_typ-781-1-l50-fr","11":"first","12":"instock","13":"sold-individually","14":"taxable","15":"shipping-taxable","16":"purchasable","17":"product-type-simple"},"jetpack_sharing_enabled":true,"_links":{"self":[{"href":"https:\/\/www.3p-gmbh.de\/fr\/wp-json\/wp\/v2\/product\/91945","targetHints":{"allow":["GET"]}}],"collection":[{"href":"https:\/\/www.3p-gmbh.de\/fr\/wp-json\/wp\/v2\/product"}],"about":[{"href":"https:\/\/www.3p-gmbh.de\/fr\/wp-json\/wp\/v2\/types\/product"}],"wp:featuredmedia":[{"embeddable":true,"href":"https:\/\/www.3p-gmbh.de\/fr\/wp-json\/wp\/v2\/media\/56282"}],"wp:attachment":[{"href":"https:\/\/www.3p-gmbh.de\/fr\/wp-json\/wp\/v2\/media?parent=91945"}],"wp:term":[{"taxonomy":"product_brand","embeddable":true,"href":"https:\/\/www.3p-gmbh.de\/fr\/wp-json\/wp\/v2\/product_brand?post=91945"},{"taxonomy":"product_cat","embeddable":true,"href":"https:\/\/www.3p-gmbh.de\/fr\/wp-json\/wp\/v2\/product_cat?post=91945"},{"taxonomy":"product_tag","embeddable":true,"href":"https:\/\/www.3p-gmbh.de\/fr\/wp-json\/wp\/v2\/product_tag?post=91945"}],"curies":[{"name":"wp","href":"https:\/\/api.w.org\/{rel}","templated":true}]}}