{"id":91944,"date":"2019-07-11T13:58:04","date_gmt":"2019-07-11T13:58:04","guid":{"rendered":"https:\/\/www.3p-gmbh.de\/produkt\/mueller-martini-1509-encarteuse-piqueuse\/"},"modified":"2019-07-11T13:58:04","modified_gmt":"2019-07-11T13:58:04","slug":"classeur-a-levier-10","status":"publish","type":"product","link":"https:\/\/www.3p-gmbh.de\/fr\/produkt\/classeur-a-levier-10\/","title":{"rendered":"M\u00fcller Martini 1509 Encarteuse-piqueuse"},"content":{"rendered":"<p>Format min. 90x98mm<br \/>\nFormat max. 365&#215;305 mm<\/p>\n<p>\u00c9quipement :<br \/>\n&#8211; 3 x double margeur 1516<br \/>\n&#8211; 1 x station d&rsquo;agrafage 1509 avec 4 t\u00eates d&rsquo;agrafage<br \/>\n&#8211; 2 t\u00eates de piq\u00fbre \u00e0 \u0153illet<br \/>\n&#8211; 1 x couteau \u00e0 trois lames 1522 avec dispositif de coupe centrale<br \/>\n&#8211; 1 x \u00e9talage<br \/>\n&#8211; 3 x pompes DV<\/p>\n","protected":false},"excerpt":{"rendered":"<p>Format min. 90x98mm Format max. 365&#215;305 mm \u00c9quipement : &#8211; 3 x double margeur 1516 &#8211; 1 x station d&rsquo;agrafage 1509 avec 4 t\u00eates d&rsquo;agrafage &#8211; 2 t\u00eates de piq\u00fbre \u00e0 \u0153illet &#8211; 1 x couteau \u00e0 trois lames 1522 avec dispositif de coupe centrale &#8211; 1 x \u00e9talage &#8211; 3 x pompes DV<\/p>\n","protected":false},"featured_media":56270,"template":"","meta":[],"product_brand":[],"product_cat":[2907],"product_tag":[],"class_list":{"0":"post-91944","1":"product","2":"type-product","3":"status-publish","4":"has-post-thumbnail","6":"product_cat-encarteuse-piqueuse","7":"pa_baujahr-1234","8":"pa_hersteller-mueller-martini","9":"pa_typ-1217","11":"first","12":"instock","13":"sold-individually","14":"taxable","15":"shipping-taxable","16":"purchasable","17":"product-type-simple"},"jetpack_sharing_enabled":true,"_links":{"self":[{"href":"https:\/\/www.3p-gmbh.de\/fr\/wp-json\/wp\/v2\/product\/91944","targetHints":{"allow":["GET"]}}],"collection":[{"href":"https:\/\/www.3p-gmbh.de\/fr\/wp-json\/wp\/v2\/product"}],"about":[{"href":"https:\/\/www.3p-gmbh.de\/fr\/wp-json\/wp\/v2\/types\/product"}],"wp:featuredmedia":[{"embeddable":true,"href":"https:\/\/www.3p-gmbh.de\/fr\/wp-json\/wp\/v2\/media\/56270"}],"wp:attachment":[{"href":"https:\/\/www.3p-gmbh.de\/fr\/wp-json\/wp\/v2\/media?parent=91944"}],"wp:term":[{"taxonomy":"product_brand","embeddable":true,"href":"https:\/\/www.3p-gmbh.de\/fr\/wp-json\/wp\/v2\/product_brand?post=91944"},{"taxonomy":"product_cat","embeddable":true,"href":"https:\/\/www.3p-gmbh.de\/fr\/wp-json\/wp\/v2\/product_cat?post=91944"},{"taxonomy":"product_tag","embeddable":true,"href":"https:\/\/www.3p-gmbh.de\/fr\/wp-json\/wp\/v2\/product_tag?post=91944"}],"curies":[{"name":"wp","href":"https:\/\/api.w.org\/{rel}","templated":true}]}}