{"id":91925,"date":"2019-07-11T13:58:13","date_gmt":"2019-07-11T13:58:13","guid":{"rendered":"https:\/\/www.3p-gmbh.de\/produkt\/machine-a-secouer-polar-mohr-rb-7-grand-format\/"},"modified":"2019-07-11T13:58:13","modified_gmt":"2019-07-11T13:58:13","slug":"machine-a-ruettes-grand-format","status":"publish","type":"product","link":"https:\/\/www.3p-gmbh.de\/fr\/produkt\/machine-a-ruettes-grand-format\/","title":{"rendered":"Machine \u00e0 secouer Polar Mohr RB-7 grand format"},"content":{"rendered":"<p>Table pneumatique avec but\u00e9e suppl\u00e9mentaire pour les petits formats<br \/>\nPlage de formats (surface utile de la table) env. 126 x 162 cm cm<br \/>\nhauteur de la table (r\u00e9glable en continu) 86 &#8211; 95 cm<br \/>\nvolets lat\u00e9raux \u00e0 actionnement manuel<\/p>\n","protected":false},"excerpt":{"rendered":"<p>Table pneumatique avec but\u00e9e suppl\u00e9mentaire pour les petits formats Plage de formats (surface utile de la table) env. 126 x 162 cm cm hauteur de la table (r\u00e9glable en continu) 86 &#8211; 95 cm volets lat\u00e9raux \u00e0 actionnement manuel<\/p>\n","protected":false},"featured_media":56299,"template":"","meta":[],"product_brand":[],"product_cat":[3068],"product_tag":[],"class_list":{"0":"post-91925","1":"product","2":"type-product","3":"status-publish","4":"has-post-thumbnail","6":"product_cat-tables-vibrantes","7":"pa_baujahr-123","8":"pa_hersteller-polar-mohr-hofheim","9":"pa_typ-polar-rb-7","11":"first","12":"instock","13":"sold-individually","14":"taxable","15":"shipping-taxable","16":"purchasable","17":"product-type-simple"},"jetpack_sharing_enabled":true,"_links":{"self":[{"href":"https:\/\/www.3p-gmbh.de\/fr\/wp-json\/wp\/v2\/product\/91925","targetHints":{"allow":["GET"]}}],"collection":[{"href":"https:\/\/www.3p-gmbh.de\/fr\/wp-json\/wp\/v2\/product"}],"about":[{"href":"https:\/\/www.3p-gmbh.de\/fr\/wp-json\/wp\/v2\/types\/product"}],"wp:featuredmedia":[{"embeddable":true,"href":"https:\/\/www.3p-gmbh.de\/fr\/wp-json\/wp\/v2\/media\/56299"}],"wp:attachment":[{"href":"https:\/\/www.3p-gmbh.de\/fr\/wp-json\/wp\/v2\/media?parent=91925"}],"wp:term":[{"taxonomy":"product_brand","embeddable":true,"href":"https:\/\/www.3p-gmbh.de\/fr\/wp-json\/wp\/v2\/product_brand?post=91925"},{"taxonomy":"product_cat","embeddable":true,"href":"https:\/\/www.3p-gmbh.de\/fr\/wp-json\/wp\/v2\/product_cat?post=91925"},{"taxonomy":"product_tag","embeddable":true,"href":"https:\/\/www.3p-gmbh.de\/fr\/wp-json\/wp\/v2\/product_tag?post=91925"}],"curies":[{"name":"wp","href":"https:\/\/api.w.org\/{rel}","templated":true}]}}