{"id":91921,"date":"2019-07-11T13:58:13","date_gmt":"2019-07-11T13:58:13","guid":{"rendered":"https:\/\/www.3p-gmbh.de\/produkt\/horizon-stitchliner-5500-production-de-brochures\/"},"modified":"2019-07-11T13:58:13","modified_gmt":"2019-07-11T13:58:13","slug":"fabrication-de-la-brochure-2","status":"publish","type":"product","link":"https:\/\/www.3p-gmbh.de\/fr\/produkt\/fabrication-de-la-brochure-2\/","title":{"rendered":"Horizon Stitchliner 5500 Production de brochures"},"content":{"rendered":"<p>2 tours d&rsquo;assemblage VAC 100 a+m avec 10 stations chacune (20 stations au total, extensible jusqu&rsquo;\u00e0 60)<br \/>\n1 ventilateur suppl\u00e9mentaire EAB-100<br \/>\nACF 30 Unit\u00e9 d&rsquo;assemblage et de pliage<br \/>\nAgrafeuse SPF 30 (2 t\u00eates d&rsquo;agrafage Hohner 43\/6 S)<br \/>\nHTS 30 3 rognage lat\u00e9ral avec dispositif de coupe de s\u00e9paration 8 mm<br \/>\nAspiration des copeaux<br \/>\nPK 30 Compteur \u00e0 pr\u00e9s\u00e9lection avec d\u00e9calage<br \/>\nExposition<\/p>\n","protected":false},"excerpt":{"rendered":"<p>2 tours d&rsquo;assemblage VAC 100 a+m avec 10 stations chacune (20 stations au total, extensible jusqu&rsquo;\u00e0 60) 1 ventilateur suppl\u00e9mentaire EAB-100 ACF 30 Unit\u00e9 d&rsquo;assemblage et de pliage Agrafeuse SPF 30 (2 t\u00eates d&rsquo;agrafage Hohner 43\/6 S) HTS 30 3 rognage lat\u00e9ral avec dispositif de coupe de s\u00e9paration 8 mm Aspiration des copeaux PK 30 [&hellip;]<\/p>\n","protected":false},"featured_media":54170,"template":"","meta":[],"product_brand":[],"product_cat":[2947],"product_tag":[],"class_list":{"0":"post-91921","1":"product","2":"type-product","3":"status-publish","4":"has-post-thumbnail","6":"product_cat-systemes-de-fabrication-de-brochures","7":"pa_baujahr-168","8":"pa_hersteller-horizon","9":"pa_typ-stitch-liner-5500","11":"first","12":"instock","13":"sold-individually","14":"taxable","15":"shipping-taxable","16":"purchasable","17":"product-type-simple"},"jetpack_sharing_enabled":true,"_links":{"self":[{"href":"https:\/\/www.3p-gmbh.de\/fr\/wp-json\/wp\/v2\/product\/91921","targetHints":{"allow":["GET"]}}],"collection":[{"href":"https:\/\/www.3p-gmbh.de\/fr\/wp-json\/wp\/v2\/product"}],"about":[{"href":"https:\/\/www.3p-gmbh.de\/fr\/wp-json\/wp\/v2\/types\/product"}],"wp:featuredmedia":[{"embeddable":true,"href":"https:\/\/www.3p-gmbh.de\/fr\/wp-json\/wp\/v2\/media\/54170"}],"wp:attachment":[{"href":"https:\/\/www.3p-gmbh.de\/fr\/wp-json\/wp\/v2\/media?parent=91921"}],"wp:term":[{"taxonomy":"product_brand","embeddable":true,"href":"https:\/\/www.3p-gmbh.de\/fr\/wp-json\/wp\/v2\/product_brand?post=91921"},{"taxonomy":"product_cat","embeddable":true,"href":"https:\/\/www.3p-gmbh.de\/fr\/wp-json\/wp\/v2\/product_cat?post=91921"},{"taxonomy":"product_tag","embeddable":true,"href":"https:\/\/www.3p-gmbh.de\/fr\/wp-json\/wp\/v2\/product_tag?post=91921"}],"curies":[{"name":"wp","href":"https:\/\/api.w.org\/{rel}","templated":true}]}}