{"id":91920,"date":"2019-07-11T13:58:15","date_gmt":"2019-07-11T13:58:15","guid":{"rendered":"https:\/\/www.3p-gmbh.de\/produkt\/fks-duplo-dsf-2000-120-margeur-numerique-de-feuilles-fabrication-de-brochures\/"},"modified":"2019-07-11T13:58:15","modified_gmt":"2019-07-11T13:58:15","slug":"margeur-numerique-brochure","status":"publish","type":"product","link":"https:\/\/www.3p-gmbh.de\/fr\/produkt\/margeur-numerique-brochure\/","title":{"rendered":"FKS Duplo DSF 2000 &#8211; 120 Margeur num\u00e9rique de feuilles Fabrication de brochures"},"content":{"rendered":"<p>Traitement par composition de feuilles imprim\u00e9es num\u00e9riquement avec ou sans insertion d&rsquo;enveloppes, compos\u00e9 de<br \/>\n&#8211; DSF 2000 Alimentateur de feuilles<br \/>\n&#8211; Agrafeuse\/plieuse automatique DBM 120<br \/>\n&#8211; Tondeuse frontale DBM 120 T<\/p>\n<p>Syst\u00e8me d&rsquo;alimentation : bande d&rsquo;aspiration Formats de papier : Longueur : 279 \u00e0 450 mm, Largeur : 210 \u00e0 320 mm<br \/>\nHauteur de pr\u00e9-empilage : bac de papier A : 200 mm, bac de papier B : 60 mm<br \/>\nVitesse : max. 150 feuilles\/minute<\/p>\n<p>Le margeur num\u00e9rique DSF-2000, \u00e9quip\u00e9 d&rsquo;un syst\u00e8me d&rsquo;alimentation \u00e0 deux stations, est la cl\u00e9 d&rsquo;un traitement optimal des impressions num\u00e9riques. Une station pour les couvertures de brochures et\/ou les feuilles d&rsquo;insertion et une station pour les pages int\u00e9rieures d\u00e9j\u00e0 imprim\u00e9es et tri\u00e9es num\u00e9riquement. La commande s&rsquo;effectue via le menu du margeur de feuilles. La cha\u00eene compl\u00e8te de fabrication de brochures s&rsquo;adapte automatiquement au format cr\u00e9\u00e9 dans le margeur. Les jeux de feuilles confectionn\u00e9s par le margeur sont rassembl\u00e9s, agraf\u00e9s et pli\u00e9s dans l&rsquo;automate \u00e0 brochures FKS\/Duplo DBM 120-SxS. La tondeuse assure ensuite une finition parfaite de ses produits.<\/p>\n<p>\u00c9quipement de s\u00e9rie : dispositif de retournement du papier<\/p>\n","protected":false},"excerpt":{"rendered":"<p>Traitement par composition de feuilles imprim\u00e9es num\u00e9riquement avec ou sans insertion d&rsquo;enveloppes, compos\u00e9 de &#8211; DSF 2000 Alimentateur de feuilles &#8211; Agrafeuse\/plieuse automatique DBM 120 &#8211; Tondeuse frontale DBM 120 T Syst\u00e8me d&rsquo;alimentation : bande d&rsquo;aspiration Formats de papier : Longueur : 279 \u00e0 450 mm, Largeur : 210 \u00e0 320 mm Hauteur de pr\u00e9-empilage [&hellip;]<\/p>\n","protected":false},"featured_media":56346,"template":"","meta":[],"product_brand":[],"product_cat":[2947],"product_tag":[],"class_list":{"0":"post-91920","1":"product","2":"type-product","3":"status-publish","4":"has-post-thumbnail","6":"product_cat-systemes-de-fabrication-de-brochures","7":"pa_baujahr-326","8":"pa_hersteller-fks-duplo","9":"pa_typ-dsf-2000-120","11":"first","12":"instock","13":"sold-individually","14":"taxable","15":"shipping-taxable","16":"purchasable","17":"product-type-simple"},"jetpack_sharing_enabled":true,"_links":{"self":[{"href":"https:\/\/www.3p-gmbh.de\/fr\/wp-json\/wp\/v2\/product\/91920","targetHints":{"allow":["GET"]}}],"collection":[{"href":"https:\/\/www.3p-gmbh.de\/fr\/wp-json\/wp\/v2\/product"}],"about":[{"href":"https:\/\/www.3p-gmbh.de\/fr\/wp-json\/wp\/v2\/types\/product"}],"wp:featuredmedia":[{"embeddable":true,"href":"https:\/\/www.3p-gmbh.de\/fr\/wp-json\/wp\/v2\/media\/56346"}],"wp:attachment":[{"href":"https:\/\/www.3p-gmbh.de\/fr\/wp-json\/wp\/v2\/media?parent=91920"}],"wp:term":[{"taxonomy":"product_brand","embeddable":true,"href":"https:\/\/www.3p-gmbh.de\/fr\/wp-json\/wp\/v2\/product_brand?post=91920"},{"taxonomy":"product_cat","embeddable":true,"href":"https:\/\/www.3p-gmbh.de\/fr\/wp-json\/wp\/v2\/product_cat?post=91920"},{"taxonomy":"product_tag","embeddable":true,"href":"https:\/\/www.3p-gmbh.de\/fr\/wp-json\/wp\/v2\/product_tag?post=91920"}],"curies":[{"name":"wp","href":"https:\/\/api.w.org\/{rel}","templated":true}]}}