{"id":91912,"date":"2019-07-11T13:58:15","date_gmt":"2019-07-11T13:58:15","guid":{"rendered":"https:\/\/www.3p-gmbh.de\/produkt\/huileuse-double-constantin-hang-87-05\/"},"modified":"2019-07-11T13:58:15","modified_gmt":"2019-07-11T13:58:15","slug":"machine-a-oeser-double","status":"publish","type":"product","link":"https:\/\/www.3p-gmbh.de\/fr\/produkt\/machine-a-oeser-double\/","title":{"rendered":"Huileuse double Constantin Hang 87-05"},"content":{"rendered":"<p>&#8211; pour ins\u00e9rer des \u0153illets pour les s\u00e9ries moyennes<br \/>\n&#8211; convient particuli\u00e8rement pour les filets \u00e0 s\u00e9paration rapide<br \/>\n&#8211; avec \u0153illets auto-perforants : jusqu&rsquo;\u00e0 30 feuilles de papier 80 g\/m2<br \/>\n&#8211; avec support pr\u00e9perfor\u00e9 : jusqu&rsquo;\u00e0 50 feuilles<br \/>\n&#8211; avec des amen\u00e9es d&rsquo;\u0153illets automatiques et facilement interchangeables<br \/>\n&#8211; distance entre les \u0153illets r\u00e9glable au moyen d&rsquo;un volant<br \/>\n&#8211; distance maximale entre les deux t\u00eates ext\u00e9rieures 320 mm<br \/>\n&#8211; Table d&rsquo;appui avec but\u00e9es dorsales et lat\u00e9rales r\u00e9glables<br \/>\n&#8211; D\u00e9clenchement par p\u00e9dale \u00e9lectrique<br \/>\n&#8211; Dispositif d&rsquo;aspiration des d\u00e9chets d&rsquo;huile<br \/>\n&#8211; profondeur de travail 300 mm<\/p>\n","protected":false},"excerpt":{"rendered":"<p>&#8211; pour ins\u00e9rer des \u0153illets pour les s\u00e9ries moyennes &#8211; convient particuli\u00e8rement pour les filets \u00e0 s\u00e9paration rapide &#8211; avec \u0153illets auto-perforants : jusqu&rsquo;\u00e0 30 feuilles de papier 80 g\/m2 &#8211; avec support pr\u00e9perfor\u00e9 : jusqu&rsquo;\u00e0 50 feuilles &#8211; avec des amen\u00e9es d&rsquo;\u0153illets automatiques et facilement interchangeables &#8211; distance entre les \u0153illets r\u00e9glable au moyen [&hellip;]<\/p>\n","protected":false},"featured_media":56344,"template":"","meta":[],"product_brand":[],"product_cat":[3052],"product_tag":[],"class_list":{"0":"post-91912","1":"product","2":"type-product","3":"status-publish","4":"has-post-thumbnail","6":"product_cat-machines-a-huile","7":"pa_hersteller-constantin-hang","8":"pa_typ-hang-87-05","10":"first","11":"instock","12":"sold-individually","13":"taxable","14":"shipping-taxable","15":"purchasable","16":"product-type-simple"},"jetpack_sharing_enabled":true,"_links":{"self":[{"href":"https:\/\/www.3p-gmbh.de\/fr\/wp-json\/wp\/v2\/product\/91912","targetHints":{"allow":["GET"]}}],"collection":[{"href":"https:\/\/www.3p-gmbh.de\/fr\/wp-json\/wp\/v2\/product"}],"about":[{"href":"https:\/\/www.3p-gmbh.de\/fr\/wp-json\/wp\/v2\/types\/product"}],"wp:featuredmedia":[{"embeddable":true,"href":"https:\/\/www.3p-gmbh.de\/fr\/wp-json\/wp\/v2\/media\/56344"}],"wp:attachment":[{"href":"https:\/\/www.3p-gmbh.de\/fr\/wp-json\/wp\/v2\/media?parent=91912"}],"wp:term":[{"taxonomy":"product_brand","embeddable":true,"href":"https:\/\/www.3p-gmbh.de\/fr\/wp-json\/wp\/v2\/product_brand?post=91912"},{"taxonomy":"product_cat","embeddable":true,"href":"https:\/\/www.3p-gmbh.de\/fr\/wp-json\/wp\/v2\/product_cat?post=91912"},{"taxonomy":"product_tag","embeddable":true,"href":"https:\/\/www.3p-gmbh.de\/fr\/wp-json\/wp\/v2\/product_tag?post=91912"}],"curies":[{"name":"wp","href":"https:\/\/api.w.org\/{rel}","templated":true}]}}