{"id":91910,"date":"2019-07-11T13:58:15","date_gmt":"2019-07-11T13:58:15","guid":{"rendered":"https:\/\/www.3p-gmbh.de\/produkt\/renz-dtp-340-perforatrice-electrique-de-calendriers\/"},"modified":"2019-07-11T13:58:15","modified_gmt":"2019-07-11T13:58:15","slug":"poinconneuse-electrique-pour-calendriers","status":"publish","type":"product","link":"https:\/\/www.3p-gmbh.de\/fr\/produkt\/poinconneuse-electrique-pour-calendriers\/","title":{"rendered":"Renz DTP-340 Perforatrice \u00e9lectrique de calendriers"},"content":{"rendered":"<p>Syst\u00e8me de perforation performant pour la d\u00e9coupe et la perforation de papier jusqu&rsquo;\u00e0 une largeur de travail de 340 mm. Avec p\u00e9dale de commande et dispositif d&rsquo;alimentation en papier vertical. Capacit\u00e9 de perforation jusqu&rsquo;\u00e0 35 feuilles (selon l&rsquo;outil).<br \/>\nUtilisation universelle gr\u00e2ce \u00e0 des outils rapidement interchangeables.<\/p>\n<p>Largeur de travail : 340 mm<br \/>\n\u00c9paisseur de poin\u00e7onnage : max. 3,5 mm<br \/>\noutils interchangeables<br \/>\nchangement de format : changement rapide gr\u00e2ce aux poin\u00e7ons d\u00e9sactivables<br \/>\ndistance du bord r\u00e9glable<br \/>\npoin\u00e7ons d\u00e9sactivables<br \/>\nDimensions de la machine L x l x H:36 x 49 x 25 cm<br \/>\nPoids 31 kg<br \/>\nRaccordement:230V \/ 50Hz \/ 250W<\/p>\n","protected":false},"excerpt":{"rendered":"<p>Syst\u00e8me de perforation performant pour la d\u00e9coupe et la perforation de papier jusqu&rsquo;\u00e0 une largeur de travail de 340 mm. Avec p\u00e9dale de commande et dispositif d&rsquo;alimentation en papier vertical. Capacit\u00e9 de perforation jusqu&rsquo;\u00e0 35 feuilles (selon l&rsquo;outil). Utilisation universelle gr\u00e2ce \u00e0 des outils rapidement interchangeables. Largeur de travail : 340 mm \u00c9paisseur de poin\u00e7onnage [&hellip;]<\/p>\n","protected":false},"featured_media":56341,"template":"","meta":[],"product_brand":[],"product_cat":[2904],"product_tag":[],"class_list":{"0":"post-91910","1":"product","2":"type-product","3":"status-publish","4":"has-post-thumbnail","6":"product_cat-poinconnage","7":"pa_baujahr-137","8":"pa_hersteller-christian-renz","9":"pa_typ-dtp-340","11":"first","12":"instock","13":"sold-individually","14":"taxable","15":"shipping-taxable","16":"purchasable","17":"product-type-simple"},"jetpack_sharing_enabled":true,"_links":{"self":[{"href":"https:\/\/www.3p-gmbh.de\/fr\/wp-json\/wp\/v2\/product\/91910","targetHints":{"allow":["GET"]}}],"collection":[{"href":"https:\/\/www.3p-gmbh.de\/fr\/wp-json\/wp\/v2\/product"}],"about":[{"href":"https:\/\/www.3p-gmbh.de\/fr\/wp-json\/wp\/v2\/types\/product"}],"wp:featuredmedia":[{"embeddable":true,"href":"https:\/\/www.3p-gmbh.de\/fr\/wp-json\/wp\/v2\/media\/56341"}],"wp:attachment":[{"href":"https:\/\/www.3p-gmbh.de\/fr\/wp-json\/wp\/v2\/media?parent=91910"}],"wp:term":[{"taxonomy":"product_brand","embeddable":true,"href":"https:\/\/www.3p-gmbh.de\/fr\/wp-json\/wp\/v2\/product_brand?post=91910"},{"taxonomy":"product_cat","embeddable":true,"href":"https:\/\/www.3p-gmbh.de\/fr\/wp-json\/wp\/v2\/product_cat?post=91910"},{"taxonomy":"product_tag","embeddable":true,"href":"https:\/\/www.3p-gmbh.de\/fr\/wp-json\/wp\/v2\/product_tag?post=91910"}],"curies":[{"name":"wp","href":"https:\/\/api.w.org\/{rel}","templated":true}]}}