{"id":91906,"date":"2019-07-11T13:58:15","date_gmt":"2019-07-11T13:58:15","guid":{"rendered":"https:\/\/www.3p-gmbh.de\/produkt\/fks-duplo-system-5000-production-de-brochures\/"},"modified":"2019-07-11T13:58:15","modified_gmt":"2019-07-11T13:58:15","slug":"fabrication-de-brochures-2","status":"publish","type":"product","link":"https:\/\/www.3p-gmbh.de\/fr\/produkt\/fabrication-de-brochures-2\/","title":{"rendered":"FKS Duplo System 5000 Production de brochures"},"content":{"rendered":"<p>Secoueur de d\u00e9stockage \u00e0 droite<br \/>\nTour avec 10 stations DC 10\/60 Air aspir\u00e9 Syst\u00e8me Duplo 5000 avec commande tactile<br \/>\nLS1 Pont de transfert<br \/>\nDBM-400 Booklet Maker avec deux t\u00eates d&rsquo;agrafage Hohner 48\/5 S<br \/>\nDBM-400 Trimmer<br \/>\nDBM-LS Sortie longue en \u00e9cailles<\/p>\n","protected":false},"excerpt":{"rendered":"<p>Secoueur de d\u00e9stockage \u00e0 droite Tour avec 10 stations DC 10\/60 Air aspir\u00e9 Syst\u00e8me Duplo 5000 avec commande tactile LS1 Pont de transfert DBM-400 Booklet Maker avec deux t\u00eates d&rsquo;agrafage Hohner 48\/5 S DBM-400 Trimmer DBM-LS Sortie longue en \u00e9cailles<\/p>\n","protected":false},"featured_media":56329,"template":"","meta":[],"product_brand":[],"product_cat":[2947],"product_tag":[],"class_list":{"0":"post-91906","1":"product","2":"type-product","3":"status-publish","4":"has-post-thumbnail","6":"product_cat-systemes-de-fabrication-de-brochures","7":"pa_baujahr-127","8":"pa_hersteller-fks","9":"pa_typ-duplo-system-5000","11":"first","12":"instock","13":"sold-individually","14":"taxable","15":"shipping-taxable","16":"purchasable","17":"product-type-simple"},"jetpack_sharing_enabled":true,"_links":{"self":[{"href":"https:\/\/www.3p-gmbh.de\/fr\/wp-json\/wp\/v2\/product\/91906","targetHints":{"allow":["GET"]}}],"collection":[{"href":"https:\/\/www.3p-gmbh.de\/fr\/wp-json\/wp\/v2\/product"}],"about":[{"href":"https:\/\/www.3p-gmbh.de\/fr\/wp-json\/wp\/v2\/types\/product"}],"wp:featuredmedia":[{"embeddable":true,"href":"https:\/\/www.3p-gmbh.de\/fr\/wp-json\/wp\/v2\/media\/56329"}],"wp:attachment":[{"href":"https:\/\/www.3p-gmbh.de\/fr\/wp-json\/wp\/v2\/media?parent=91906"}],"wp:term":[{"taxonomy":"product_brand","embeddable":true,"href":"https:\/\/www.3p-gmbh.de\/fr\/wp-json\/wp\/v2\/product_brand?post=91906"},{"taxonomy":"product_cat","embeddable":true,"href":"https:\/\/www.3p-gmbh.de\/fr\/wp-json\/wp\/v2\/product_cat?post=91906"},{"taxonomy":"product_tag","embeddable":true,"href":"https:\/\/www.3p-gmbh.de\/fr\/wp-json\/wp\/v2\/product_tag?post=91906"}],"curies":[{"name":"wp","href":"https:\/\/api.w.org\/{rel}","templated":true}]}}