{"id":91900,"date":"2019-07-11T13:58:15","date_gmt":"2019-07-11T13:58:15","guid":{"rendered":"https:\/\/www.3p-gmbh.de\/produkt\/machine-a-secouer-polar-mohr-ra-2\/"},"modified":"2019-07-11T13:58:15","modified_gmt":"2019-07-11T13:58:15","slug":"machine-a-sous","status":"publish","type":"product","link":"https:\/\/www.3p-gmbh.de\/fr\/produkt\/machine-a-sous\/","title":{"rendered":"Machine \u00e0 secouer Polar Mohr RA-2"},"content":{"rendered":"<p>Vibreur automatique avec rouleau d&rsquo;\u00e9jection d&rsquo;air et but\u00e9es de clapet pneumatiques<\/p>\n<p>Une fois le processus de secouage termin\u00e9, l&rsquo;air est expuls\u00e9 de la couche de coupe. Vous pouvez \u00e9taler 1 ou 2 fois, la pression du premier \u00e9talement \u00e9tant r\u00e9glable, et \u00e9taler \u00ab\u00a0entre\u00a0\u00bb lorsque la table est inclin\u00e9e.<\/p>\n<p>&#8211; Surface de table plaqu\u00e9e en acier inoxydable 72 x 87 cm<br \/>\n&#8211; Hauteur de couche min. 30 mm<br \/>\n&#8211; Hauteur de la couche man. 165 mm<br \/>\n&#8211; hauteur de table 860 &#8211; 950 mm<br \/>\n-Consommation d&rsquo;air comprim\u00e9 \u00e0 6 &#8211; 8 bar env. 2L\/min<\/p>\n","protected":false},"excerpt":{"rendered":"<p>Vibreur automatique avec rouleau d&rsquo;\u00e9jection d&rsquo;air et but\u00e9es de clapet pneumatiques Une fois le processus de secouage termin\u00e9, l&rsquo;air est expuls\u00e9 de la couche de coupe. Vous pouvez \u00e9taler 1 ou 2 fois, la pression du premier \u00e9talement \u00e9tant r\u00e9glable, et \u00e9taler \u00ab\u00a0entre\u00a0\u00bb lorsque la table est inclin\u00e9e. &#8211; Surface de table plaqu\u00e9e en acier [&hellip;]<\/p>\n","protected":false},"featured_media":56335,"template":"","meta":[],"product_brand":[],"product_cat":[3068],"product_tag":[],"class_list":{"0":"post-91900","1":"product","2":"type-product","3":"status-publish","4":"has-post-thumbnail","6":"product_cat-tables-vibrantes","7":"pa_baujahr-168","8":"pa_hersteller-heidelberg-polar-mohr","9":"pa_typ-polar-ra-2","11":"first","12":"instock","13":"sold-individually","14":"taxable","15":"shipping-taxable","16":"purchasable","17":"product-type-simple"},"jetpack_sharing_enabled":true,"_links":{"self":[{"href":"https:\/\/www.3p-gmbh.de\/fr\/wp-json\/wp\/v2\/product\/91900","targetHints":{"allow":["GET"]}}],"collection":[{"href":"https:\/\/www.3p-gmbh.de\/fr\/wp-json\/wp\/v2\/product"}],"about":[{"href":"https:\/\/www.3p-gmbh.de\/fr\/wp-json\/wp\/v2\/types\/product"}],"wp:featuredmedia":[{"embeddable":true,"href":"https:\/\/www.3p-gmbh.de\/fr\/wp-json\/wp\/v2\/media\/56335"}],"wp:attachment":[{"href":"https:\/\/www.3p-gmbh.de\/fr\/wp-json\/wp\/v2\/media?parent=91900"}],"wp:term":[{"taxonomy":"product_brand","embeddable":true,"href":"https:\/\/www.3p-gmbh.de\/fr\/wp-json\/wp\/v2\/product_brand?post=91900"},{"taxonomy":"product_cat","embeddable":true,"href":"https:\/\/www.3p-gmbh.de\/fr\/wp-json\/wp\/v2\/product_cat?post=91900"},{"taxonomy":"product_tag","embeddable":true,"href":"https:\/\/www.3p-gmbh.de\/fr\/wp-json\/wp\/v2\/product_tag?post=91900"}],"curies":[{"name":"wp","href":"https:\/\/api.w.org\/{rel}","templated":true}]}}