{"id":91894,"date":"2019-07-11T13:58:15","date_gmt":"2019-07-11T13:58:15","guid":{"rendered":"https:\/\/www.3p-gmbh.de\/produkt\/machine-a-rainurer-et-a-perforer-hogenforst\/"},"modified":"2019-07-11T13:58:15","modified_gmt":"2019-07-11T13:58:15","slug":"machine-a-perforer-a-rainure","status":"publish","type":"product","link":"https:\/\/www.3p-gmbh.de\/fr\/produkt\/machine-a-perforer-a-rainure\/","title":{"rendered":"Machine \u00e0 rainurer et \u00e0 perforer Hogenforst"},"content":{"rendered":"<p>largeur de travail 70cm, pour une utilisation \u00e9conomique lors de travaux de perforation ou de rainurage<br \/>\nLe processus de poin\u00e7onnage est d\u00e9clench\u00e9 par une p\u00e9dale, ce qui permet d&rsquo;avoir les deux mains libres pour poser et aligner les feuilles.<br \/>\nUn peigne \u00e0 rainurer ainsi qu&rsquo;un outil de rainage int\u00e9gr\u00e9 et diverses but\u00e9es sont fournis comme accessoires.<\/p>\n","protected":false},"excerpt":{"rendered":"<p>largeur de travail 70cm, pour une utilisation \u00e9conomique lors de travaux de perforation ou de rainurage Le processus de poin\u00e7onnage est d\u00e9clench\u00e9 par une p\u00e9dale, ce qui permet d&rsquo;avoir les deux mains libres pour poser et aligner les feuilles. Un peigne \u00e0 rainurer ainsi qu&rsquo;un outil de rainage int\u00e9gr\u00e9 et diverses but\u00e9es sont fournis comme [&hellip;]<\/p>\n","protected":false},"featured_media":56317,"template":"","meta":[],"product_brand":[],"product_cat":[2961],"product_tag":[],"class_list":{"0":"post-91894","1":"product","2":"type-product","3":"status-publish","4":"has-post-thumbnail","6":"product_cat-machines-a-rainurer-et-a-perforer","7":"pa_hersteller-hogenforst","9":"first","10":"instock","11":"sold-individually","12":"taxable","13":"shipping-taxable","14":"purchasable","15":"product-type-simple"},"jetpack_sharing_enabled":true,"_links":{"self":[{"href":"https:\/\/www.3p-gmbh.de\/fr\/wp-json\/wp\/v2\/product\/91894","targetHints":{"allow":["GET"]}}],"collection":[{"href":"https:\/\/www.3p-gmbh.de\/fr\/wp-json\/wp\/v2\/product"}],"about":[{"href":"https:\/\/www.3p-gmbh.de\/fr\/wp-json\/wp\/v2\/types\/product"}],"wp:featuredmedia":[{"embeddable":true,"href":"https:\/\/www.3p-gmbh.de\/fr\/wp-json\/wp\/v2\/media\/56317"}],"wp:attachment":[{"href":"https:\/\/www.3p-gmbh.de\/fr\/wp-json\/wp\/v2\/media?parent=91894"}],"wp:term":[{"taxonomy":"product_brand","embeddable":true,"href":"https:\/\/www.3p-gmbh.de\/fr\/wp-json\/wp\/v2\/product_brand?post=91894"},{"taxonomy":"product_cat","embeddable":true,"href":"https:\/\/www.3p-gmbh.de\/fr\/wp-json\/wp\/v2\/product_cat?post=91894"},{"taxonomy":"product_tag","embeddable":true,"href":"https:\/\/www.3p-gmbh.de\/fr\/wp-json\/wp\/v2\/product_tag?post=91894"}],"curies":[{"name":"wp","href":"https:\/\/api.w.org\/{rel}","templated":true}]}}