{"id":91889,"date":"2019-07-11T13:58:15","date_gmt":"2019-07-11T13:58:15","guid":{"rendered":"https:\/\/www.3p-gmbh.de\/produkt\/c-p-bourg-bdf-finisseur-de-livrets\/"},"modified":"2019-07-11T13:58:15","modified_gmt":"2019-07-11T13:58:15","slug":"finisseur-de-livrets","status":"publish","type":"product","link":"https:\/\/www.3p-gmbh.de\/fr\/produkt\/finisseur-de-livrets\/","title":{"rendered":"c. p. Bourg BDF Finisseur de livrets"},"content":{"rendered":"<p>2 tours BST 10N<br \/>\navec air aspir\u00e9, commande par \u00e9cran tactile,<br \/>\nFormat max. 35 x 52 cm<br \/>\nFormat min. 11,5 x 20 cm min,<br \/>\nune tour avec sortie \u00e0 gauche pour les ensembles rassembl\u00e9s<br \/>\navec d\u00e9calage TD-d<br \/>\nBrocheuse automatique BDF avec \u00e9cran tactile<br \/>\n(agrafage, pliage et d\u00e9coupe)<br \/>\n2 t\u00eates d&rsquo;agrafage Hohner Standard,<br \/>\n2 kits de conversion d&rsquo;anneaux Hohner<br \/>\nPr\u00e9sentation de la bande<\/p>\n","protected":false},"excerpt":{"rendered":"<p>2 tours BST 10N avec air aspir\u00e9, commande par \u00e9cran tactile, Format max. 35 x 52 cm Format min. 11,5 x 20 cm min, une tour avec sortie \u00e0 gauche pour les ensembles rassembl\u00e9s avec d\u00e9calage TD-d Brocheuse automatique BDF avec \u00e9cran tactile (agrafage, pliage et d\u00e9coupe) 2 t\u00eates d&rsquo;agrafage Hohner Standard, 2 kits de [&hellip;]<\/p>\n","protected":false},"featured_media":56319,"template":"","meta":[],"product_brand":[],"product_cat":[2947],"product_tag":[],"class_list":{"0":"post-91889","1":"product","2":"type-product","3":"status-publish","4":"has-post-thumbnail","6":"product_cat-systemes-de-fabrication-de-brochures","7":"pa_baujahr-198","8":"pa_hersteller-c-p-bourg","9":"pa_typ-bdf","11":"first","12":"instock","13":"sold-individually","14":"taxable","15":"shipping-taxable","16":"purchasable","17":"product-type-simple"},"jetpack_sharing_enabled":true,"_links":{"self":[{"href":"https:\/\/www.3p-gmbh.de\/fr\/wp-json\/wp\/v2\/product\/91889","targetHints":{"allow":["GET"]}}],"collection":[{"href":"https:\/\/www.3p-gmbh.de\/fr\/wp-json\/wp\/v2\/product"}],"about":[{"href":"https:\/\/www.3p-gmbh.de\/fr\/wp-json\/wp\/v2\/types\/product"}],"wp:featuredmedia":[{"embeddable":true,"href":"https:\/\/www.3p-gmbh.de\/fr\/wp-json\/wp\/v2\/media\/56319"}],"wp:attachment":[{"href":"https:\/\/www.3p-gmbh.de\/fr\/wp-json\/wp\/v2\/media?parent=91889"}],"wp:term":[{"taxonomy":"product_brand","embeddable":true,"href":"https:\/\/www.3p-gmbh.de\/fr\/wp-json\/wp\/v2\/product_brand?post=91889"},{"taxonomy":"product_cat","embeddable":true,"href":"https:\/\/www.3p-gmbh.de\/fr\/wp-json\/wp\/v2\/product_cat?post=91889"},{"taxonomy":"product_tag","embeddable":true,"href":"https:\/\/www.3p-gmbh.de\/fr\/wp-json\/wp\/v2\/product_tag?post=91889"}],"curies":[{"name":"wp","href":"https:\/\/api.w.org\/{rel}","templated":true}]}}