{"id":91887,"date":"2019-07-11T13:58:29","date_gmt":"2019-07-11T13:58:29","guid":{"rendered":"https:\/\/www.3p-gmbh.de\/produkt\/schoen-cie-modele-n-1-1-4-1-poinconneuse-hydraulique-a-bras-pivotant\/"},"modified":"2019-07-11T13:58:29","modified_gmt":"2019-07-11T13:58:29","slug":"poinconneuse-hydraulique-a-bras-pivotant","status":"publish","type":"product","link":"https:\/\/www.3p-gmbh.de\/fr\/produkt\/poinconneuse-hydraulique-a-bras-pivotant\/","title":{"rendered":"Schoen &amp; Cie Mod\u00e8le N 1.1\/4-1 Poin\u00e7onneuse hydraulique \u00e0 bras pivotant"},"content":{"rendered":"<p>Les poin\u00e7onneuses \u00e0 chargement manuel du mat\u00e9riau et de l&rsquo;outillage sont particuli\u00e8rement adapt\u00e9es aux lots de petite taille ou aux pi\u00e8ces de petites dimensions.<\/p>\n<p>Dimensions de d\u00e9coupe 32 x 55 cm<br \/>\nsurface de d\u00e9coupe pivotante<br \/>\nTable d&rsquo;appui env.50x93cm<br \/>\nAnn\u00e9e de construction : 1981<\/p>\n","protected":false},"excerpt":{"rendered":"<p>Les poin\u00e7onneuses \u00e0 chargement manuel du mat\u00e9riau et de l&rsquo;outillage sont particuli\u00e8rement adapt\u00e9es aux lots de petite taille ou aux pi\u00e8ces de petites dimensions. Dimensions de d\u00e9coupe 32 x 55 cm surface de d\u00e9coupe pivotante Table d&rsquo;appui env.50x93cm Ann\u00e9e de construction : 1981<\/p>\n","protected":false},"featured_media":56923,"template":"","meta":[],"product_brand":[],"product_cat":[2904],"product_tag":[],"class_list":{"0":"post-91887","1":"product","2":"type-product","3":"status-publish","4":"has-post-thumbnail","6":"product_cat-poinconnage","7":"pa_baujahr-1234","8":"pa_hersteller-schoen-cie","9":"pa_typ-schwenkarm-stanzmaschinen-1-1-4-1","11":"first","12":"instock","13":"sold-individually","14":"taxable","15":"shipping-taxable","16":"purchasable","17":"product-type-simple"},"jetpack_sharing_enabled":true,"_links":{"self":[{"href":"https:\/\/www.3p-gmbh.de\/fr\/wp-json\/wp\/v2\/product\/91887","targetHints":{"allow":["GET"]}}],"collection":[{"href":"https:\/\/www.3p-gmbh.de\/fr\/wp-json\/wp\/v2\/product"}],"about":[{"href":"https:\/\/www.3p-gmbh.de\/fr\/wp-json\/wp\/v2\/types\/product"}],"wp:featuredmedia":[{"embeddable":true,"href":"https:\/\/www.3p-gmbh.de\/fr\/wp-json\/wp\/v2\/media\/56923"}],"wp:attachment":[{"href":"https:\/\/www.3p-gmbh.de\/fr\/wp-json\/wp\/v2\/media?parent=91887"}],"wp:term":[{"taxonomy":"product_brand","embeddable":true,"href":"https:\/\/www.3p-gmbh.de\/fr\/wp-json\/wp\/v2\/product_brand?post=91887"},{"taxonomy":"product_cat","embeddable":true,"href":"https:\/\/www.3p-gmbh.de\/fr\/wp-json\/wp\/v2\/product_cat?post=91887"},{"taxonomy":"product_tag","embeddable":true,"href":"https:\/\/www.3p-gmbh.de\/fr\/wp-json\/wp\/v2\/product_tag?post=91887"}],"curies":[{"name":"wp","href":"https:\/\/api.w.org\/{rel}","templated":true}]}}