{"id":91869,"date":"2019-07-11T13:58:29","date_gmt":"2019-07-11T13:58:29","guid":{"rendered":"https:\/\/www.3p-gmbh.de\/produkt\/constantin-hang-107-30-perceuse-a-papier-multibroche\/"},"modified":"2019-07-11T13:58:29","modified_gmt":"2019-07-11T13:58:29","slug":"perceuse-a-papier-multibroche","status":"publish","type":"product","link":"https:\/\/www.3p-gmbh.de\/fr\/produkt\/perceuse-a-papier-multibroche\/","title":{"rendered":"Constantin Hang 107-30 Perceuse \u00e0 papier multibroche"},"content":{"rendered":"<p>perceuse \u00e0 papier automatique multibroche Hang 107 &#8211; 30<br \/>\nconstruit en 1992, enti\u00e8rement r\u00e9vis\u00e9 par nos soins en 2015<\/p>\n<p>&#8211; avec 4 t\u00eates de forage<br \/>\n&#8211; avance cadenc\u00e9e de la bande de support de per\u00e7age en carton<br \/>\n&#8211; Diam\u00e8tre du foret 3 &#8211; 14 mm<br \/>\n&#8211; Plage de r\u00e9glage des broches de per\u00e7age de 36 \u00e0 420 mm<br \/>\n&#8211; tr\u00e8s grande profondeur de travail 300 mm<br \/>\n&#8211; Serrage rapide des m\u00e8ches \u00e0 papier<br \/>\n&#8211; Vitesse de rotation du foret r\u00e9glable en continu et vitesse de levage de la table r\u00e9glable en continu<br \/>\n&#8211; Mode jogging pour le r\u00e9glage de la machine<br \/>\n&#8211; Machine mobile sur roulettes orientables<br \/>\n&#8211; But\u00e9es de profondeur et lat\u00e9rales<br \/>\n&#8211; avec moteur triphas\u00e9 380 V<br \/>\n&#8211; D\u00e9clenchement par p\u00e9dale \u00e9lectrique, circuit d&rsquo;inversion<\/p>\n","protected":false},"excerpt":{"rendered":"<p>perceuse \u00e0 papier automatique multibroche Hang 107 &#8211; 30 construit en 1992, enti\u00e8rement r\u00e9vis\u00e9 par nos soins en 2015 &#8211; avec 4 t\u00eates de forage &#8211; avance cadenc\u00e9e de la bande de support de per\u00e7age en carton &#8211; Diam\u00e8tre du foret 3 &#8211; 14 mm &#8211; Plage de r\u00e9glage des broches de per\u00e7age de 36 [&hellip;]<\/p>\n","protected":false},"featured_media":56392,"template":"","meta":[],"product_brand":[],"product_cat":[2957],"product_tag":[],"class_list":{"0":"post-91869","1":"product","2":"type-product","3":"status-publish","4":"has-post-thumbnail","6":"product_cat-perceuses-a-papier","7":"pa_baujahr-272","8":"pa_hersteller-constantin-hang","9":"pa_typ-107-30","11":"first","12":"instock","13":"sold-individually","14":"taxable","15":"shipping-taxable","16":"purchasable","17":"product-type-simple"},"jetpack_sharing_enabled":true,"_links":{"self":[{"href":"https:\/\/www.3p-gmbh.de\/fr\/wp-json\/wp\/v2\/product\/91869","targetHints":{"allow":["GET"]}}],"collection":[{"href":"https:\/\/www.3p-gmbh.de\/fr\/wp-json\/wp\/v2\/product"}],"about":[{"href":"https:\/\/www.3p-gmbh.de\/fr\/wp-json\/wp\/v2\/types\/product"}],"wp:featuredmedia":[{"embeddable":true,"href":"https:\/\/www.3p-gmbh.de\/fr\/wp-json\/wp\/v2\/media\/56392"}],"wp:attachment":[{"href":"https:\/\/www.3p-gmbh.de\/fr\/wp-json\/wp\/v2\/media?parent=91869"}],"wp:term":[{"taxonomy":"product_brand","embeddable":true,"href":"https:\/\/www.3p-gmbh.de\/fr\/wp-json\/wp\/v2\/product_brand?post=91869"},{"taxonomy":"product_cat","embeddable":true,"href":"https:\/\/www.3p-gmbh.de\/fr\/wp-json\/wp\/v2\/product_cat?post=91869"},{"taxonomy":"product_tag","embeddable":true,"href":"https:\/\/www.3p-gmbh.de\/fr\/wp-json\/wp\/v2\/product_tag?post=91869"}],"curies":[{"name":"wp","href":"https:\/\/api.w.org\/{rel}","templated":true}]}}