{"id":91866,"date":"2019-07-11T13:58:29","date_gmt":"2019-07-11T13:58:29","guid":{"rendered":"https:\/\/www.3p-gmbh.de\/produkt\/josef-foellmer-iram-12-perceuse-a-papier-a-4-broches\/"},"modified":"2019-07-11T13:58:29","modified_gmt":"2019-07-11T13:58:29","slug":"perceuse-a-papier-a-4-broches-2","status":"publish","type":"product","link":"https:\/\/www.3p-gmbh.de\/fr\/produkt\/perceuse-a-papier-a-4-broches-2\/","title":{"rendered":"Josef Foellmer IRAM 12 Perceuse \u00e0 papier \u00e0 4 broches"},"content":{"rendered":"<p>perceuse \u00e0 papier automatique \u00e0 quatre broches \u00e0 commande hydraulique<\/p>\n<p>4 broches<br \/>\nDistance entre les trous min. 3 mm<br \/>\nDistance entre les trous max. 800 mm<br \/>\nProfondeur de per\u00e7age max. 70 mm<br \/>\nTige de foret 11mm<br \/>\nDiam\u00e8tre de per\u00e7age de 3 \u00e0 10 mm<br \/>\nR\u00e9gulation de la vitesse de rotation<br \/>\navec r\u00e9glage de la vitesse de levage<\/p>\n","protected":false},"excerpt":{"rendered":"<p>perceuse \u00e0 papier automatique \u00e0 quatre broches \u00e0 commande hydraulique 4 broches Distance entre les trous min. 3 mm Distance entre les trous max. 800 mm Profondeur de per\u00e7age max. 70 mm Tige de foret 11mm Diam\u00e8tre de per\u00e7age de 3 \u00e0 10 mm R\u00e9gulation de la vitesse de rotation avec r\u00e9glage de la vitesse [&hellip;]<\/p>\n","protected":false},"featured_media":56397,"template":"","meta":[],"product_brand":[],"product_cat":[2957],"product_tag":[],"class_list":{"0":"post-91866","1":"product","2":"type-product","3":"status-publish","4":"has-post-thumbnail","6":"product_cat-perceuses-a-papier","7":"pa_baujahr-188","8":"pa_hersteller-josef-foellmer","9":"pa_typ-iram-12","11":"first","12":"instock","13":"sold-individually","14":"taxable","15":"shipping-taxable","16":"purchasable","17":"product-type-simple"},"jetpack_sharing_enabled":true,"_links":{"self":[{"href":"https:\/\/www.3p-gmbh.de\/fr\/wp-json\/wp\/v2\/product\/91866","targetHints":{"allow":["GET"]}}],"collection":[{"href":"https:\/\/www.3p-gmbh.de\/fr\/wp-json\/wp\/v2\/product"}],"about":[{"href":"https:\/\/www.3p-gmbh.de\/fr\/wp-json\/wp\/v2\/types\/product"}],"wp:featuredmedia":[{"embeddable":true,"href":"https:\/\/www.3p-gmbh.de\/fr\/wp-json\/wp\/v2\/media\/56397"}],"wp:attachment":[{"href":"https:\/\/www.3p-gmbh.de\/fr\/wp-json\/wp\/v2\/media?parent=91866"}],"wp:term":[{"taxonomy":"product_brand","embeddable":true,"href":"https:\/\/www.3p-gmbh.de\/fr\/wp-json\/wp\/v2\/product_brand?post=91866"},{"taxonomy":"product_cat","embeddable":true,"href":"https:\/\/www.3p-gmbh.de\/fr\/wp-json\/wp\/v2\/product_cat?post=91866"},{"taxonomy":"product_tag","embeddable":true,"href":"https:\/\/www.3p-gmbh.de\/fr\/wp-json\/wp\/v2\/product_tag?post=91866"}],"curies":[{"name":"wp","href":"https:\/\/api.w.org\/{rel}","templated":true}]}}