{"id":91864,"date":"2019-07-11T13:58:29","date_gmt":"2019-07-11T13:58:29","guid":{"rendered":"https:\/\/www.3p-gmbh.de\/produkt\/machine-a-rainer-et-a-plier-stahl-ffh-82\/"},"modified":"2019-07-11T13:58:29","modified_gmt":"2019-07-11T13:58:29","slug":"plieuse-rainureuse-2","status":"publish","type":"product","link":"https:\/\/www.3p-gmbh.de\/fr\/produkt\/plieuse-rainureuse-2\/","title":{"rendered":"Machine \u00e0 rainer et \u00e0 plier Stahl FFH 82"},"content":{"rendered":"<p>&#8211; FFH 82 avec SSP 82 et unit\u00e9 de pliage \u00e0 poches Ti 52-4<br \/>\n&#8211; Margeur \u00e0 pile plate FFH 82 avec Tremat<br \/>\n&#8211; Pompe DV<br \/>\n&#8211; Commande MCT<br \/>\n&#8211; Unit\u00e9 de d\u00e9coupe et de rainage acier SSP 82<br \/>\n&#8211; avec 3 arbres porte-outils<\/p>\n","protected":false},"excerpt":{"rendered":"<p>&#8211; FFH 82 avec SSP 82 et unit\u00e9 de pliage \u00e0 poches Ti 52-4 &#8211; Margeur \u00e0 pile plate FFH 82 avec Tremat &#8211; Pompe DV &#8211; Commande MCT &#8211; Unit\u00e9 de d\u00e9coupe et de rainage acier SSP 82 &#8211; avec 3 arbres porte-outils<\/p>\n","protected":false},"featured_media":56398,"template":"","meta":[],"product_brand":[],"product_cat":[2984],"product_tag":[],"class_list":{"0":"post-91864","1":"product","2":"type-product","3":"status-publish","4":"has-post-thumbnail","6":"product_cat-plieuses-fr","7":"pa_baujahr-168","8":"pa_hersteller-heidelberg-stahl","9":"pa_typ-ssp-82-mit-ffh-82","11":"first","12":"instock","13":"sold-individually","14":"taxable","15":"shipping-taxable","16":"purchasable","17":"product-type-simple"},"jetpack_sharing_enabled":true,"_links":{"self":[{"href":"https:\/\/www.3p-gmbh.de\/fr\/wp-json\/wp\/v2\/product\/91864","targetHints":{"allow":["GET"]}}],"collection":[{"href":"https:\/\/www.3p-gmbh.de\/fr\/wp-json\/wp\/v2\/product"}],"about":[{"href":"https:\/\/www.3p-gmbh.de\/fr\/wp-json\/wp\/v2\/types\/product"}],"wp:featuredmedia":[{"embeddable":true,"href":"https:\/\/www.3p-gmbh.de\/fr\/wp-json\/wp\/v2\/media\/56398"}],"wp:attachment":[{"href":"https:\/\/www.3p-gmbh.de\/fr\/wp-json\/wp\/v2\/media?parent=91864"}],"wp:term":[{"taxonomy":"product_brand","embeddable":true,"href":"https:\/\/www.3p-gmbh.de\/fr\/wp-json\/wp\/v2\/product_brand?post=91864"},{"taxonomy":"product_cat","embeddable":true,"href":"https:\/\/www.3p-gmbh.de\/fr\/wp-json\/wp\/v2\/product_cat?post=91864"},{"taxonomy":"product_tag","embeddable":true,"href":"https:\/\/www.3p-gmbh.de\/fr\/wp-json\/wp\/v2\/product_tag?post=91864"}],"curies":[{"name":"wp","href":"https:\/\/api.w.org\/{rel}","templated":true}]}}