{"id":91845,"date":"2019-07-11T13:58:29","date_gmt":"2019-07-11T13:58:29","guid":{"rendered":"https:\/\/www.3p-gmbh.de\/produkt\/guk-sm-50-2-machine-de-decoupe-avec-margeur\/"},"modified":"2019-07-11T13:58:29","modified_gmt":"2019-07-11T13:58:29","slug":"machine-a-decouper-guk-sm-50-2","status":"publish","type":"product","link":"https:\/\/www.3p-gmbh.de\/fr\/produkt\/machine-a-decouper-guk-sm-50-2\/","title":{"rendered":"GUK SM 50-2 Machine de d\u00e9coupe avec margeur"},"content":{"rendered":"<p>GUK FL 50-2 Margeur \u00e0 air aspir\u00e9 \u00e0 pile plate OEM B\u00e4uerle type FL 50-2 avec t\u00eate de s\u00e9paration \u00e0 commande pneumatique, d&rsquo;o\u00f9 une s\u00e9paration exacte des feuilles m\u00eame \u00e0 la puissance maximale et un compteur \u00e0 pr\u00e9s\u00e9lection<\/p>\n<p>Machine de d\u00e9coupe GUK SM 50-2 Station de d\u00e9coupe et de rainage<br \/>\nLargeur d&rsquo;entr\u00e9e max. 540 mm et min. 150 mm<br \/>\nLongueur d&rsquo;entr\u00e9e max. 800 mm et min. 210 mm<br \/>\ndeux arbres \u00e0 lames enfichables<br \/>\nR\u00e9glage automatique des rouleaux par bande de papier<br \/>\nEntra\u00eenement synchrone par des roues dent\u00e9es tremp\u00e9es, \u00e0 flancs rectifi\u00e9s et \u00e0 denture h\u00e9lico\u00efdale<br \/>\navec les outilsTechni Fold (emp\u00eache la rupture des fibres en parall\u00e8le pour les grammages plus \u00e9lev\u00e9s)<\/p>\n<p>En alternative, des outils de perforation peuvent \u00eatre utilis\u00e9s pour produire des coupons, des timbres, etc.<br \/>\n\u00eatre utilis\u00e9<br \/>\nGUK S-520 Sortie mobile en \u00e9cailles<br \/>\ntransition accrochable<\/p>\n","protected":false},"excerpt":{"rendered":"<p>GUK FL 50-2 Margeur \u00e0 air aspir\u00e9 \u00e0 pile plate OEM B\u00e4uerle type FL 50-2 avec t\u00eate de s\u00e9paration \u00e0 commande pneumatique, d&rsquo;o\u00f9 une s\u00e9paration exacte des feuilles m\u00eame \u00e0 la puissance maximale et un compteur \u00e0 pr\u00e9s\u00e9lection Machine de d\u00e9coupe GUK SM 50-2 Station de d\u00e9coupe et de rainage Largeur d&rsquo;entr\u00e9e max. 540 mm [&hellip;]<\/p>\n","protected":false},"featured_media":56916,"template":"","meta":[],"product_brand":[],"product_cat":[2890],"product_tag":[],"class_list":{"0":"post-91845","1":"product","2":"type-product","3":"status-publish","4":"has-post-thumbnail","6":"product_cat-reliure-dassortiment","7":"pa_baujahr-145","8":"pa_hersteller-grieser-kunzmann-guk","9":"pa_typ-sm-50-2-schneid-rill-perforierstation","11":"first","12":"instock","13":"sold-individually","14":"taxable","15":"shipping-taxable","16":"purchasable","17":"product-type-simple"},"jetpack_sharing_enabled":true,"_links":{"self":[{"href":"https:\/\/www.3p-gmbh.de\/fr\/wp-json\/wp\/v2\/product\/91845","targetHints":{"allow":["GET"]}}],"collection":[{"href":"https:\/\/www.3p-gmbh.de\/fr\/wp-json\/wp\/v2\/product"}],"about":[{"href":"https:\/\/www.3p-gmbh.de\/fr\/wp-json\/wp\/v2\/types\/product"}],"wp:featuredmedia":[{"embeddable":true,"href":"https:\/\/www.3p-gmbh.de\/fr\/wp-json\/wp\/v2\/media\/56916"}],"wp:attachment":[{"href":"https:\/\/www.3p-gmbh.de\/fr\/wp-json\/wp\/v2\/media?parent=91845"}],"wp:term":[{"taxonomy":"product_brand","embeddable":true,"href":"https:\/\/www.3p-gmbh.de\/fr\/wp-json\/wp\/v2\/product_brand?post=91845"},{"taxonomy":"product_cat","embeddable":true,"href":"https:\/\/www.3p-gmbh.de\/fr\/wp-json\/wp\/v2\/product_cat?post=91845"},{"taxonomy":"product_tag","embeddable":true,"href":"https:\/\/www.3p-gmbh.de\/fr\/wp-json\/wp\/v2\/product_tag?post=91845"}],"curies":[{"name":"wp","href":"https:\/\/api.w.org\/{rel}","templated":true}]}}