{"id":91842,"date":"2019-07-11T13:58:29","date_gmt":"2019-07-11T13:58:29","guid":{"rendered":"https:\/\/www.3p-gmbh.de\/produkt\/perfecta-sa-110-apk-machine-a-secouer\/"},"modified":"2019-07-11T13:58:29","modified_gmt":"2019-07-11T13:58:29","slug":"distributeur-automatique-de-cuilleres","status":"publish","type":"product","link":"https:\/\/www.3p-gmbh.de\/fr\/produkt\/distributeur-automatique-de-cuilleres\/","title":{"rendered":"Perfecta SA 110 APK Machine \u00e0 secouer"},"content":{"rendered":"<p>&#8211; Ann\u00e9e de construction 2007<br \/>\n&#8211; table a\u00e9rienne plaqu\u00e9e acier inoxydable surface de table 765 x 1090 mm<br \/>\n&#8211; Rouleau de balayage d&rsquo;air<br \/>\n&#8211; but\u00e9es de rabattement pneumatiques automatiques<\/p>\n","protected":false},"excerpt":{"rendered":"<p>&#8211; Ann\u00e9e de construction 2007 &#8211; table a\u00e9rienne plaqu\u00e9e acier inoxydable surface de table 765 x 1090 mm &#8211; Rouleau de balayage d&rsquo;air &#8211; but\u00e9es de rabattement pneumatiques automatiques<\/p>\n","protected":false},"featured_media":56915,"template":"","meta":[],"product_brand":[],"product_cat":[3068],"product_tag":[],"class_list":{"0":"post-91842","1":"product","2":"type-product","3":"status-publish","4":"has-post-thumbnail","6":"product_cat-tables-vibrantes","7":"pa_baujahr-140","8":"pa_hersteller-perfecta","9":"pa_typ-sa-110-apk","11":"first","12":"instock","13":"sold-individually","14":"taxable","15":"shipping-taxable","16":"purchasable","17":"product-type-simple"},"jetpack_sharing_enabled":true,"_links":{"self":[{"href":"https:\/\/www.3p-gmbh.de\/fr\/wp-json\/wp\/v2\/product\/91842","targetHints":{"allow":["GET"]}}],"collection":[{"href":"https:\/\/www.3p-gmbh.de\/fr\/wp-json\/wp\/v2\/product"}],"about":[{"href":"https:\/\/www.3p-gmbh.de\/fr\/wp-json\/wp\/v2\/types\/product"}],"wp:featuredmedia":[{"embeddable":true,"href":"https:\/\/www.3p-gmbh.de\/fr\/wp-json\/wp\/v2\/media\/56915"}],"wp:attachment":[{"href":"https:\/\/www.3p-gmbh.de\/fr\/wp-json\/wp\/v2\/media?parent=91842"}],"wp:term":[{"taxonomy":"product_brand","embeddable":true,"href":"https:\/\/www.3p-gmbh.de\/fr\/wp-json\/wp\/v2\/product_brand?post=91842"},{"taxonomy":"product_cat","embeddable":true,"href":"https:\/\/www.3p-gmbh.de\/fr\/wp-json\/wp\/v2\/product_cat?post=91842"},{"taxonomy":"product_tag","embeddable":true,"href":"https:\/\/www.3p-gmbh.de\/fr\/wp-json\/wp\/v2\/product_tag?post=91842"}],"curies":[{"name":"wp","href":"https:\/\/api.w.org\/{rel}","templated":true}]}}