{"id":91820,"date":"2019-07-11T13:58:29","date_gmt":"2019-07-11T13:58:29","guid":{"rendered":"https:\/\/www.3p-gmbh.de\/produkt\/ernst-nagel-auto-rillnak-pro-33\/"},"modified":"2019-07-11T13:58:29","modified_gmt":"2019-07-11T13:58:29","slug":"semoir-professionnel","status":"publish","type":"product","link":"https:\/\/www.3p-gmbh.de\/fr\/produkt\/semoir-professionnel\/","title":{"rendered":"Ernst Nagel Auto-Rillnak Pro 33"},"content":{"rendered":"<p>Morgana AutoCreaser Pro 33 \/ Ernst Nagel Auto-Rillnak Pro 33<br \/>\nAnn\u00e9e de construction 2014 &#8211; \u00e9tat neuf<br \/>\n\u00c9quip\u00e9e d&rsquo;un nouvel \u00e9cran tactile pratique et facile \u00e0 utiliser, elle traite des formats de papier d&rsquo;une largeur d&rsquo;entr\u00e9e de 35 cm et d&rsquo;une longueur maximale de 100 cm.<br \/>\nen utilisant la technologie \u00e9prouv\u00e9e barre de rainurage contre rainurage. Le mat\u00e9riau est comprim\u00e9 en douceur lors du processus de rainage, ce qui \u00e9vite l&rsquo;\u00e9caillage de l&rsquo;encre ou le d\u00e9chirement du mat\u00e9riau.<br \/>\nest ainsi \u00e9vit\u00e9e lors du pliage. L&rsquo;alimentation en papier est assur\u00e9e par un syst\u00e8me de soufflage et d&rsquo;aspiration d&rsquo;air qui \u00e9vite de rayer le mat\u00e9riel sensible. Utilisation rapide et simple gr\u00e2ce au joystick et \u00e0 l&rsquo;\u00e9cran clair.<\/p>\n<p>Domaine d&rsquo;application :<br \/>\nles impressions num\u00e9riques sensibles, les papiers couch\u00e9s mats, le carton, les supports dont le sens de d\u00e9filement est incorrect,<br \/>\nles imprim\u00e9s vernis, les mat\u00e9riaux lamin\u00e9s, les couvertures de brochures, etc.<\/p>\n<p>La perforation et le fendage dans le sens de la marche sont possibles avec des outils rotatifs suppl\u00e9mentaires. (option)<br \/>\nAccessoires en option : couteau \u00e0 perforer 96\/56\/28\/20 dents<\/p>\n<p>Le panneau de commande \u00e0 \u00e9cran tactile permet de contr\u00f4ler les principales fonctions de la machine. Il suffit de saisir la longueur de papier pour le produit fini (les dimensions de papier standard sont pr\u00e9d\u00e9finies). Tous les autres r\u00e9glages et indications sont repris par le logiciel. Les informations sur les colonnes de pliage sont affich\u00e9es num\u00e9riquement sur l&rsquo;\u00e9cran tactile. Un autre avantage est l&rsquo;ind\u00e9pendance linguistique du logiciel &#8211; seuls des symboles sont utilis\u00e9s, ce qui rend les param\u00e8tres linguistiques superflus. De plus, l&rsquo;utilisation de l&rsquo;\u00e9cran tactile est tr\u00e8s facile \u00e0 apprendre. La vaste m\u00e9moire alphanum\u00e9rique permet de sauvegarder un nombre illimit\u00e9 de travaux sous un nom propre.<\/p>\n<p>Largeur de travail 35 cm<br \/>\nlongueur de travail 100 cm<br \/>\npoids de papier recommand\u00e9 70 &#8211; 350 g\/m<br \/>\nM\u00e9moire de programme 9<br \/>\nRainures par feuille max. 16<br \/>\nFormat de papier max. &#8211; en cas d&rsquo;alimentation manuelle 1 000 x 330 mm<br \/>\nFormat de papier max. &#8211; en cas d&rsquo;utilisation automatique alimentation 700 x 330 mm<br \/>\nFormat de papier min. 140 x 210 mm<br \/>\nVitesse jusqu&rsquo;\u00e0 6.500 (feuilles\/heure)<br \/>\nMin. distance entre les rainures 4 mm<br \/>\nMin. distance de rainage du bord avant de la feuille 25 mm<br \/>\nMin. distance de rainage du bord arri\u00e8re de la feuille 20 mm<\/p>\n","protected":false},"excerpt":{"rendered":"<p>Morgana AutoCreaser Pro 33 \/ Ernst Nagel Auto-Rillnak Pro 33 Ann\u00e9e de construction 2014 &#8211; \u00e9tat neuf \u00c9quip\u00e9e d&rsquo;un nouvel \u00e9cran tactile pratique et facile \u00e0 utiliser, elle traite des formats de papier d&rsquo;une largeur d&rsquo;entr\u00e9e de 35 cm et d&rsquo;une longueur maximale de 100 cm. en utilisant la technologie \u00e9prouv\u00e9e barre de rainurage contre [&hellip;]<\/p>\n","protected":false},"featured_media":56378,"template":"","meta":[],"product_brand":[],"product_cat":[2961],"product_tag":[],"class_list":{"0":"post-91820","1":"product","2":"type-product","3":"status-publish","4":"has-post-thumbnail","6":"product_cat-machines-a-rainurer-et-a-perforer","7":"pa_baujahr-452","8":"pa_hersteller-morgana-ernst-nagel","9":"pa_typ-auto-rillnak-pro-33","11":"first","12":"instock","13":"sold-individually","14":"taxable","15":"shipping-taxable","16":"purchasable","17":"product-type-simple"},"jetpack_sharing_enabled":true,"_links":{"self":[{"href":"https:\/\/www.3p-gmbh.de\/fr\/wp-json\/wp\/v2\/product\/91820","targetHints":{"allow":["GET"]}}],"collection":[{"href":"https:\/\/www.3p-gmbh.de\/fr\/wp-json\/wp\/v2\/product"}],"about":[{"href":"https:\/\/www.3p-gmbh.de\/fr\/wp-json\/wp\/v2\/types\/product"}],"wp:featuredmedia":[{"embeddable":true,"href":"https:\/\/www.3p-gmbh.de\/fr\/wp-json\/wp\/v2\/media\/56378"}],"wp:attachment":[{"href":"https:\/\/www.3p-gmbh.de\/fr\/wp-json\/wp\/v2\/media?parent=91820"}],"wp:term":[{"taxonomy":"product_brand","embeddable":true,"href":"https:\/\/www.3p-gmbh.de\/fr\/wp-json\/wp\/v2\/product_brand?post=91820"},{"taxonomy":"product_cat","embeddable":true,"href":"https:\/\/www.3p-gmbh.de\/fr\/wp-json\/wp\/v2\/product_cat?post=91820"},{"taxonomy":"product_tag","embeddable":true,"href":"https:\/\/www.3p-gmbh.de\/fr\/wp-json\/wp\/v2\/product_tag?post=91820"}],"curies":[{"name":"wp","href":"https:\/\/api.w.org\/{rel}","templated":true}]}}