{"id":91818,"date":"2019-07-11T13:58:39","date_gmt":"2019-07-11T13:58:39","guid":{"rendered":"https:\/\/www.3p-gmbh.de\/produkt\/ernst-nagel-trimmer\/"},"modified":"2019-07-11T13:58:39","modified_gmt":"2019-07-11T13:58:39","slug":"coupeur-frontal","status":"publish","type":"product","link":"https:\/\/www.3p-gmbh.de\/fr\/produkt\/coupeur-frontal\/","title":{"rendered":"Ernst Nagel Trimmer"},"content":{"rendered":"<p>La station de pressage avant le rognage assure des brochures \u00e0 plat avec un pli net, les bandes de transport sup\u00e9rieures assurent un transport s\u00fbr du papier, m\u00eame pour les cahiers \u00e9pais, le suivi r\u00e9glable de la bande assure toujours un appui pr\u00e9cis sur la but\u00e9e, m\u00eame pour les cahiers qui entrent en biais, changement de format en 30 sec.<\/p>\n<p>&#8211; Volume de la brochure jusqu&rsquo;\u00e0 100 pages (papier 80 g\/m\u00b2)<br \/>\n&#8211; formats de brochure A4, A5, A6 (et tout format interm\u00e9diaire), min 10 cm<br \/>\n&#8211; Couverture : tout ce que fait le Foldnak<br \/>\n&#8211; capacit\u00e9 de production jusqu&rsquo;\u00e0 2.000 brochures\/heure<br \/>\n&#8211; Raccordement 230 V, 50 Hz, 600 W<br \/>\n&#8211; Poids 160 kg<\/p>\n","protected":false},"excerpt":{"rendered":"<p>La station de pressage avant le rognage assure des brochures \u00e0 plat avec un pli net, les bandes de transport sup\u00e9rieures assurent un transport s\u00fbr du papier, m\u00eame pour les cahiers \u00e9pais, le suivi r\u00e9glable de la bande assure toujours un appui pr\u00e9cis sur la but\u00e9e, m\u00eame pour les cahiers qui entrent en biais, changement [&hellip;]<\/p>\n","protected":false},"featured_media":56471,"template":"","meta":[],"product_brand":[],"product_cat":[2947],"product_tag":[],"class_list":{"0":"post-91818","1":"product","2":"type-product","3":"status-publish","4":"has-post-thumbnail","6":"product_cat-systemes-de-fabrication-de-brochures","7":"pa_baujahr-127","8":"pa_hersteller-ernst-nagel","9":"pa_typ-trimmer","11":"first","12":"instock","13":"sold-individually","14":"taxable","15":"shipping-taxable","16":"purchasable","17":"product-type-simple"},"jetpack_sharing_enabled":true,"_links":{"self":[{"href":"https:\/\/www.3p-gmbh.de\/fr\/wp-json\/wp\/v2\/product\/91818","targetHints":{"allow":["GET"]}}],"collection":[{"href":"https:\/\/www.3p-gmbh.de\/fr\/wp-json\/wp\/v2\/product"}],"about":[{"href":"https:\/\/www.3p-gmbh.de\/fr\/wp-json\/wp\/v2\/types\/product"}],"wp:featuredmedia":[{"embeddable":true,"href":"https:\/\/www.3p-gmbh.de\/fr\/wp-json\/wp\/v2\/media\/56471"}],"wp:attachment":[{"href":"https:\/\/www.3p-gmbh.de\/fr\/wp-json\/wp\/v2\/media?parent=91818"}],"wp:term":[{"taxonomy":"product_brand","embeddable":true,"href":"https:\/\/www.3p-gmbh.de\/fr\/wp-json\/wp\/v2\/product_brand?post=91818"},{"taxonomy":"product_cat","embeddable":true,"href":"https:\/\/www.3p-gmbh.de\/fr\/wp-json\/wp\/v2\/product_cat?post=91818"},{"taxonomy":"product_tag","embeddable":true,"href":"https:\/\/www.3p-gmbh.de\/fr\/wp-json\/wp\/v2\/product_tag?post=91818"}],"curies":[{"name":"wp","href":"https:\/\/api.w.org\/{rel}","templated":true}]}}