{"id":91817,"date":"2019-07-11T13:58:39","date_gmt":"2019-07-11T13:58:39","guid":{"rendered":"https:\/\/www.3p-gmbh.de\/produkt\/bickel-hk-3-61-machine-a-rainurer-et-a-perforer\/"},"modified":"2019-07-11T13:58:39","modified_gmt":"2019-07-11T13:58:39","slug":"nut-perforatrice-4","status":"publish","type":"product","link":"https:\/\/www.3p-gmbh.de\/fr\/produkt\/nut-perforatrice-4\/","title":{"rendered":"Bickel HK 3-61 Machine \u00e0 rainurer et \u00e0 perforer"},"content":{"rendered":"<p>Cette machine d&rsquo;une largeur de travail de 61 cm est utilis\u00e9e de mani\u00e8re \u00e9conomique pour les travaux de perforation ou de rainurage. Le processus de poin\u00e7onnage est effectu\u00e9 par un embrayage \u00e0 commande \u00e9lectrique, d\u00e9clench\u00e9 par le pied. Cela permet d&rsquo;avoir les deux mains libres pour mettre en place et aligner les arcs. Un peigne \u00e0 rainurer ainsi qu&rsquo;un outil de rainage int\u00e9gr\u00e9 et diverses but\u00e9es sont fournis comme accessoires.<\/p>\n","protected":false},"excerpt":{"rendered":"<p>Cette machine d&rsquo;une largeur de travail de 61 cm est utilis\u00e9e de mani\u00e8re \u00e9conomique pour les travaux de perforation ou de rainurage. Le processus de poin\u00e7onnage est effectu\u00e9 par un embrayage \u00e0 commande \u00e9lectrique, d\u00e9clench\u00e9 par le pied. Cela permet d&rsquo;avoir les deux mains libres pour mettre en place et aligner les arcs. Un peigne [&hellip;]<\/p>\n","protected":false},"featured_media":56462,"template":"","meta":[],"product_brand":[],"product_cat":[2961],"product_tag":[],"class_list":{"0":"post-91817","1":"product","2":"type-product","3":"status-publish","4":"has-post-thumbnail","6":"product_cat-machines-a-rainurer-et-a-perforer","7":"pa_baujahr-1314","8":"pa_hersteller-bickel","9":"pa_typ-hk-3-61","11":"first","12":"instock","13":"sold-individually","14":"taxable","15":"shipping-taxable","16":"purchasable","17":"product-type-simple"},"jetpack_sharing_enabled":true,"_links":{"self":[{"href":"https:\/\/www.3p-gmbh.de\/fr\/wp-json\/wp\/v2\/product\/91817","targetHints":{"allow":["GET"]}}],"collection":[{"href":"https:\/\/www.3p-gmbh.de\/fr\/wp-json\/wp\/v2\/product"}],"about":[{"href":"https:\/\/www.3p-gmbh.de\/fr\/wp-json\/wp\/v2\/types\/product"}],"wp:featuredmedia":[{"embeddable":true,"href":"https:\/\/www.3p-gmbh.de\/fr\/wp-json\/wp\/v2\/media\/56462"}],"wp:attachment":[{"href":"https:\/\/www.3p-gmbh.de\/fr\/wp-json\/wp\/v2\/media?parent=91817"}],"wp:term":[{"taxonomy":"product_brand","embeddable":true,"href":"https:\/\/www.3p-gmbh.de\/fr\/wp-json\/wp\/v2\/product_brand?post=91817"},{"taxonomy":"product_cat","embeddable":true,"href":"https:\/\/www.3p-gmbh.de\/fr\/wp-json\/wp\/v2\/product_cat?post=91817"},{"taxonomy":"product_tag","embeddable":true,"href":"https:\/\/www.3p-gmbh.de\/fr\/wp-json\/wp\/v2\/product_tag?post=91817"}],"curies":[{"name":"wp","href":"https:\/\/api.w.org\/{rel}","templated":true}]}}