{"id":91812,"date":"2019-07-11T13:58:39","date_gmt":"2019-07-11T13:58:39","guid":{"rendered":"https:\/\/www.3p-gmbh.de\/produkt\/ernst-nagel-citoborma-490-perceuse-a-papier-a-4-broches\/"},"modified":"2019-07-11T13:58:39","modified_gmt":"2019-07-11T13:58:39","slug":"perceuse-a-papier-a-4-broches","status":"publish","type":"product","link":"https:\/\/www.3p-gmbh.de\/fr\/produkt\/perceuse-a-papier-a-4-broches\/","title":{"rendered":"Ernst Nagel Citoborma 490 Perceuse \u00e0 papier \u00e0 4 broches"},"content":{"rendered":"<p><strong>&#8211; Perceuse \u00e0 papier \u00e0 broche Nagel Citoborma 490  <\/strong><\/p>\n<p>&#8211; 4 t\u00eates de per\u00e7age de type 45 pour un diam\u00e8tre de per\u00e7age de 2 14 mm (extensible \u00e0 6) sont install\u00e9es<br \/>\n&#8211; deux vitesses de per\u00e7age<br \/>\n&#8211; Portique r\u00e9sistant \u00e0 la torsion pour la pr\u00e9cision et la dur\u00e9e de vie<br \/>\n&#8211; s\u00e9curit\u00e9 de travail optimale gr\u00e2ce au d\u00e9clenchement \u00e0 deux mains ou au pied<br \/>\n&#8211; hauteur de pile 60mm<br \/>\n&#8211; profondeur d&rsquo;insertion jusqu&rsquo;\u00e0 270 mm, permet de percer du A3 en double utilisation<br \/>\n&#8211; largeur d&rsquo;insertion 460 mm<br \/>\n&#8211; le changement facile de la t\u00eate de forage et du foret garantit un temps de pr\u00e9paration minimal<\/p>\n<p><a href=\"https:\/\/www.3p-gmbh.de\/wp-content\/uploads\/2019\/07\/Citob490_dt.pdf\">Citob490_dt<\/a><\/p>\n","protected":false},"excerpt":{"rendered":"<p>&#8211; Perceuse \u00e0 papier \u00e0 broche Nagel Citoborma 490 &#8211; 4 t\u00eates de per\u00e7age de type 45 pour un diam\u00e8tre de per\u00e7age de 2 14 mm (extensible \u00e0 6) sont install\u00e9es &#8211; deux vitesses de per\u00e7age &#8211; Portique r\u00e9sistant \u00e0 la torsion pour la pr\u00e9cision et la dur\u00e9e de vie &#8211; s\u00e9curit\u00e9 de travail optimale [&hellip;]<\/p>\n","protected":false},"featured_media":61494,"template":"","meta":[],"product_brand":[],"product_cat":[2957],"product_tag":[],"class_list":{"0":"post-91812","1":"product","2":"type-product","3":"status-publish","4":"has-post-thumbnail","6":"product_cat-perceuses-a-papier","7":"pa_baujahr-153","8":"pa_hersteller-ernst-nagel","9":"pa_typ-citoborma-490","11":"first","12":"instock","13":"sold-individually","14":"taxable","15":"shipping-taxable","16":"purchasable","17":"product-type-simple"},"jetpack_sharing_enabled":true,"_links":{"self":[{"href":"https:\/\/www.3p-gmbh.de\/fr\/wp-json\/wp\/v2\/product\/91812","targetHints":{"allow":["GET"]}}],"collection":[{"href":"https:\/\/www.3p-gmbh.de\/fr\/wp-json\/wp\/v2\/product"}],"about":[{"href":"https:\/\/www.3p-gmbh.de\/fr\/wp-json\/wp\/v2\/types\/product"}],"wp:featuredmedia":[{"embeddable":true,"href":"https:\/\/www.3p-gmbh.de\/fr\/wp-json\/wp\/v2\/media\/61494"}],"wp:attachment":[{"href":"https:\/\/www.3p-gmbh.de\/fr\/wp-json\/wp\/v2\/media?parent=91812"}],"wp:term":[{"taxonomy":"product_brand","embeddable":true,"href":"https:\/\/www.3p-gmbh.de\/fr\/wp-json\/wp\/v2\/product_brand?post=91812"},{"taxonomy":"product_cat","embeddable":true,"href":"https:\/\/www.3p-gmbh.de\/fr\/wp-json\/wp\/v2\/product_cat?post=91812"},{"taxonomy":"product_tag","embeddable":true,"href":"https:\/\/www.3p-gmbh.de\/fr\/wp-json\/wp\/v2\/product_tag?post=91812"}],"curies":[{"name":"wp","href":"https:\/\/api.w.org\/{rel}","templated":true}]}}