{"id":91806,"date":"2019-07-11T13:58:39","date_gmt":"2019-07-11T13:58:39","guid":{"rendered":"https:\/\/www.3p-gmbh.de\/produkt\/c-p-bourg-parcours-de-la-brochure\/"},"modified":"2019-07-11T13:58:39","modified_gmt":"2019-07-11T13:58:39","slug":"parcours-de-la-brochure","status":"publish","type":"product","link":"https:\/\/www.3p-gmbh.de\/fr\/produkt\/parcours-de-la-brochure\/","title":{"rendered":"c. p. Bourg Parcours de la brochure"},"content":{"rendered":"<p>1 unit\u00e9 d&rsquo;agrafage AGR avec 2 t\u00eates d&rsquo;agrafage ACME<br \/>\n1 unit\u00e9 de pliage de couches PA<br \/>\n1 camp<\/p>\n","protected":false},"excerpt":{"rendered":"<p>1 unit\u00e9 d&rsquo;agrafage AGR avec 2 t\u00eates d&rsquo;agrafage ACME 1 unit\u00e9 de pliage de couches PA 1 camp<\/p>\n","protected":false},"featured_media":56457,"template":"","meta":[],"product_brand":[],"product_cat":[2947],"product_tag":[],"class_list":{"0":"post-91806","1":"product","2":"type-product","3":"status-publish","4":"has-post-thumbnail","6":"product_cat-systemes-de-fabrication-de-brochures","7":"pa_hersteller-cp-bourg","9":"first","10":"instock","11":"sold-individually","12":"taxable","13":"shipping-taxable","14":"purchasable","15":"product-type-simple"},"jetpack_sharing_enabled":true,"_links":{"self":[{"href":"https:\/\/www.3p-gmbh.de\/fr\/wp-json\/wp\/v2\/product\/91806","targetHints":{"allow":["GET"]}}],"collection":[{"href":"https:\/\/www.3p-gmbh.de\/fr\/wp-json\/wp\/v2\/product"}],"about":[{"href":"https:\/\/www.3p-gmbh.de\/fr\/wp-json\/wp\/v2\/types\/product"}],"wp:featuredmedia":[{"embeddable":true,"href":"https:\/\/www.3p-gmbh.de\/fr\/wp-json\/wp\/v2\/media\/56457"}],"wp:attachment":[{"href":"https:\/\/www.3p-gmbh.de\/fr\/wp-json\/wp\/v2\/media?parent=91806"}],"wp:term":[{"taxonomy":"product_brand","embeddable":true,"href":"https:\/\/www.3p-gmbh.de\/fr\/wp-json\/wp\/v2\/product_brand?post=91806"},{"taxonomy":"product_cat","embeddable":true,"href":"https:\/\/www.3p-gmbh.de\/fr\/wp-json\/wp\/v2\/product_cat?post=91806"},{"taxonomy":"product_tag","embeddable":true,"href":"https:\/\/www.3p-gmbh.de\/fr\/wp-json\/wp\/v2\/product_tag?post=91806"}],"curies":[{"name":"wp","href":"https:\/\/api.w.org\/{rel}","templated":true}]}}