{"id":91790,"date":"2019-07-11T13:58:39","date_gmt":"2019-07-11T13:58:39","guid":{"rendered":"https:\/\/www.3p-gmbh.de\/produkt\/machine-a-rainer-et-a-perforer-bickel-hk-3-68\/"},"modified":"2019-07-11T13:58:39","modified_gmt":"2019-07-11T13:58:39","slug":"nut-perforatrice-2","status":"publish","type":"product","link":"https:\/\/www.3p-gmbh.de\/fr\/produkt\/nut-perforatrice-2\/","title":{"rendered":"Machine \u00e0 rainer et \u00e0 perforer Bickel HK 3-68"},"content":{"rendered":"<p>Avec une largeur de travail de 68 cm, la machine est utilis\u00e9e de mani\u00e8re \u00e9conomique pour les travaux de perforation ou de rainurage. Le processus de poin\u00e7onnage est effectu\u00e9 par un embrayage \u00e0 commande \u00e9lectrique, d\u00e9clench\u00e9 par le pied. Cela permet d&rsquo;avoir les deux mains libres pour mettre en place et aligner les arcs.<\/p>\n<p>Accessoires<br \/>\n1 peigne \u00e0 perforer 1mm<br \/>\n1 peigne \u00e0 rainurer rotatif 1 et 2 mm<br \/>\n1 peigne pour reliure \u00e0 spirale diam\u00e8tre 4mm<br \/>\n1 peigne division 3:1 calendrier 4x4mm divis\u00e9 pour double usage<\/p>\n<p>&#8211; Graissage centralis\u00e9<br \/>\n&#8211; 380 V<\/p>\n","protected":false},"excerpt":{"rendered":"<p>Avec une largeur de travail de 68 cm, la machine est utilis\u00e9e de mani\u00e8re \u00e9conomique pour les travaux de perforation ou de rainurage. Le processus de poin\u00e7onnage est effectu\u00e9 par un embrayage \u00e0 commande \u00e9lectrique, d\u00e9clench\u00e9 par le pied. Cela permet d&rsquo;avoir les deux mains libres pour mettre en place et aligner les arcs. Accessoires [&hellip;]<\/p>\n","protected":false},"featured_media":56436,"template":"","meta":[],"product_brand":[],"product_cat":[2961],"product_tag":[],"class_list":{"0":"post-91790","1":"product","2":"type-product","3":"status-publish","4":"has-post-thumbnail","6":"product_cat-machines-a-rainurer-et-a-perforer","7":"pa_baujahr-266","8":"pa_hersteller-bickel","9":"pa_typ-hk-3-68","11":"first","12":"instock","13":"sold-individually","14":"taxable","15":"shipping-taxable","16":"purchasable","17":"product-type-simple"},"jetpack_sharing_enabled":true,"_links":{"self":[{"href":"https:\/\/www.3p-gmbh.de\/fr\/wp-json\/wp\/v2\/product\/91790","targetHints":{"allow":["GET"]}}],"collection":[{"href":"https:\/\/www.3p-gmbh.de\/fr\/wp-json\/wp\/v2\/product"}],"about":[{"href":"https:\/\/www.3p-gmbh.de\/fr\/wp-json\/wp\/v2\/types\/product"}],"wp:featuredmedia":[{"embeddable":true,"href":"https:\/\/www.3p-gmbh.de\/fr\/wp-json\/wp\/v2\/media\/56436"}],"wp:attachment":[{"href":"https:\/\/www.3p-gmbh.de\/fr\/wp-json\/wp\/v2\/media?parent=91790"}],"wp:term":[{"taxonomy":"product_brand","embeddable":true,"href":"https:\/\/www.3p-gmbh.de\/fr\/wp-json\/wp\/v2\/product_brand?post=91790"},{"taxonomy":"product_cat","embeddable":true,"href":"https:\/\/www.3p-gmbh.de\/fr\/wp-json\/wp\/v2\/product_cat?post=91790"},{"taxonomy":"product_tag","embeddable":true,"href":"https:\/\/www.3p-gmbh.de\/fr\/wp-json\/wp\/v2\/product_tag?post=91790"}],"curies":[{"name":"wp","href":"https:\/\/api.w.org\/{rel}","templated":true}]}}