{"id":91786,"date":"2019-07-11T13:58:39","date_gmt":"2019-07-11T13:58:39","guid":{"rendered":"https:\/\/www.3p-gmbh.de\/produkt\/machine-a-rainurer-et-a-perforer-foellmer-expo\/"},"modified":"2019-07-11T13:58:39","modified_gmt":"2019-07-11T13:58:39","slug":"machine-a-perforer-a-rainure-manuelle","status":"publish","type":"product","link":"https:\/\/www.3p-gmbh.de\/fr\/produkt\/machine-a-perforer-a-rainure-manuelle\/","title":{"rendered":"Machine \u00e0 rainurer et \u00e0 perforer Foellmer Expo"},"content":{"rendered":"<p>&#8211; Bac de rangement Format : 530 x 300 mm<br \/>\n&#8211; Peigne \u00e0 rainurer largeur de travail 50cm, \u00e9troit avec rainure pointue : largeur de rainure 1 + 2 mm (rotatif)<br \/>\n&#8211; But\u00e9e avant et lat\u00e9rale<br \/>\n&#8211; Largeur de travail : 45 cm (DIN A3)<br \/>\n&#8211; Dimensions de la table : 60 x 35 cm<br \/>\n&#8211; Rendement : 10 &#8211; 20 feuilles (selon le mat\u00e9riel)<br \/>\n&#8211; Hauteur de l&rsquo;insert : 2,5 mm<br \/>\n&#8211; Encombrement en mm : L 1000 x l 600 x H 320<br \/>\n&#8211; Poids 57 kg<\/p>\n","protected":false},"excerpt":{"rendered":"<p>&#8211; Bac de rangement Format : 530 x 300 mm &#8211; Peigne \u00e0 rainurer largeur de travail 50cm, \u00e9troit avec rainure pointue : largeur de rainure 1 + 2 mm (rotatif) &#8211; But\u00e9e avant et lat\u00e9rale &#8211; Largeur de travail : 45 cm (DIN A3) &#8211; Dimensions de la table : 60 x 35 cm [&hellip;]<\/p>\n","protected":false},"featured_media":56428,"template":"","meta":[],"product_brand":[],"product_cat":[2961],"product_tag":[],"class_list":{"0":"post-91786","1":"product","2":"type-product","3":"status-publish","4":"has-post-thumbnail","6":"product_cat-machines-a-rainurer-et-a-perforer","7":"pa_hersteller-josef-foellmer","8":"pa_typ-expo","10":"first","11":"instock","12":"sold-individually","13":"taxable","14":"shipping-taxable","15":"purchasable","16":"product-type-simple"},"jetpack_sharing_enabled":true,"_links":{"self":[{"href":"https:\/\/www.3p-gmbh.de\/fr\/wp-json\/wp\/v2\/product\/91786","targetHints":{"allow":["GET"]}}],"collection":[{"href":"https:\/\/www.3p-gmbh.de\/fr\/wp-json\/wp\/v2\/product"}],"about":[{"href":"https:\/\/www.3p-gmbh.de\/fr\/wp-json\/wp\/v2\/types\/product"}],"wp:featuredmedia":[{"embeddable":true,"href":"https:\/\/www.3p-gmbh.de\/fr\/wp-json\/wp\/v2\/media\/56428"}],"wp:attachment":[{"href":"https:\/\/www.3p-gmbh.de\/fr\/wp-json\/wp\/v2\/media?parent=91786"}],"wp:term":[{"taxonomy":"product_brand","embeddable":true,"href":"https:\/\/www.3p-gmbh.de\/fr\/wp-json\/wp\/v2\/product_brand?post=91786"},{"taxonomy":"product_cat","embeddable":true,"href":"https:\/\/www.3p-gmbh.de\/fr\/wp-json\/wp\/v2\/product_cat?post=91786"},{"taxonomy":"product_tag","embeddable":true,"href":"https:\/\/www.3p-gmbh.de\/fr\/wp-json\/wp\/v2\/product_tag?post=91786"}],"curies":[{"name":"wp","href":"https:\/\/api.w.org\/{rel}","templated":true}]}}