{"id":91778,"date":"2019-07-11T13:58:39","date_gmt":"2019-07-11T13:58:39","guid":{"rendered":"https:\/\/www.3p-gmbh.de\/produkt\/busch-sw-104-l-retourneur-de-piles\/"},"modified":"2019-07-11T13:58:39","modified_gmt":"2019-07-11T13:58:39","slug":"retourneurs-de-piles-8","status":"publish","type":"product","link":"https:\/\/www.3p-gmbh.de\/fr\/produkt\/retourneurs-de-piles-8\/","title":{"rendered":"Busch SW 104 L Retourneur de piles"},"content":{"rendered":"<p>avec fourches de support r\u00e9glables et a\u00e9ration avec buses d&rsquo;air mobiles en position 90<br \/>\nlargeur de palette 80-118cm<br \/>\nHauteur de la pile, y compris Palettes 50-140cm<br \/>\ncapacit\u00e9 de charge 1000kg<br \/>\nDur\u00e9e du retournement env. 30 sec.<br \/>\nDur\u00e9e de fermeture et d&rsquo;ouverture selon la hauteur des palettes 0-25 sec.<br \/>\nDimensions L 240 x l 160 x H 140 cm<br \/>\nPoids net 860 kg<\/p>\n","protected":false},"excerpt":{"rendered":"<p>avec fourches de support r\u00e9glables et a\u00e9ration avec buses d&rsquo;air mobiles en position 90 largeur de palette 80-118cm Hauteur de la pile, y compris Palettes 50-140cm capacit\u00e9 de charge 1000kg Dur\u00e9e du retournement env. 30 sec. Dur\u00e9e de fermeture et d&rsquo;ouverture selon la hauteur des palettes 0-25 sec. Dimensions L 240 x l 160 x [&hellip;]<\/p>\n","protected":false},"featured_media":56426,"template":"","meta":[],"product_brand":[],"product_cat":[2896],"product_tag":[],"class_list":{"0":"post-91778","1":"product","2":"type-product","3":"status-publish","4":"has-post-thumbnail","6":"product_cat-retourneur-de-piles","7":"pa_baujahr-262","8":"pa_hersteller-busch","9":"pa_typ-sw-104-l","11":"first","12":"instock","13":"sold-individually","14":"taxable","15":"shipping-taxable","16":"purchasable","17":"product-type-simple"},"jetpack_sharing_enabled":true,"_links":{"self":[{"href":"https:\/\/www.3p-gmbh.de\/fr\/wp-json\/wp\/v2\/product\/91778","targetHints":{"allow":["GET"]}}],"collection":[{"href":"https:\/\/www.3p-gmbh.de\/fr\/wp-json\/wp\/v2\/product"}],"about":[{"href":"https:\/\/www.3p-gmbh.de\/fr\/wp-json\/wp\/v2\/types\/product"}],"wp:featuredmedia":[{"embeddable":true,"href":"https:\/\/www.3p-gmbh.de\/fr\/wp-json\/wp\/v2\/media\/56426"}],"wp:attachment":[{"href":"https:\/\/www.3p-gmbh.de\/fr\/wp-json\/wp\/v2\/media?parent=91778"}],"wp:term":[{"taxonomy":"product_brand","embeddable":true,"href":"https:\/\/www.3p-gmbh.de\/fr\/wp-json\/wp\/v2\/product_brand?post=91778"},{"taxonomy":"product_cat","embeddable":true,"href":"https:\/\/www.3p-gmbh.de\/fr\/wp-json\/wp\/v2\/product_cat?post=91778"},{"taxonomy":"product_tag","embeddable":true,"href":"https:\/\/www.3p-gmbh.de\/fr\/wp-json\/wp\/v2\/product_tag?post=91778"}],"curies":[{"name":"wp","href":"https:\/\/api.w.org\/{rel}","templated":true}]}}