{"id":91768,"date":"2019-07-11T13:58:39","date_gmt":"2019-07-11T13:58:39","guid":{"rendered":"https:\/\/www.3p-gmbh.de\/produkt\/empileur-hunkeler-as-1000\/"},"modified":"2019-07-11T13:58:39","modified_gmt":"2019-07-11T13:58:39","slug":"depileur-3","status":"publish","type":"product","link":"https:\/\/www.3p-gmbh.de\/fr\/produkt\/depileur-3\/","title":{"rendered":"Empileur Hunkeler AS-1000"},"content":{"rendered":"<p>&#8211; capacit\u00e9 de charge 1000 kg<br \/>\n&#8211; Course max. 700mm, r\u00e9glable<br \/>\n&#8211; par le biais d&rsquo;une p\u00e9dale ou d&rsquo;une commande manuelle en mode tip<br \/>\n&#8211; Taille de la palette 800&#215;1200<br \/>\n&#8211; deux plaques de but\u00e9e r\u00e9glables 110x61cm et 650x61cm<br \/>\n&#8211; 380V 0,37 KW<br \/>\n&#8211; Utilisation : derri\u00e8re les plieuses, les encarteuses-piqueuses pour le placement pr\u00e9cis des colis sur les palettes<\/p>\n","protected":false},"excerpt":{"rendered":"<p>&#8211; capacit\u00e9 de charge 1000 kg &#8211; Course max. 700mm, r\u00e9glable &#8211; par le biais d&rsquo;une p\u00e9dale ou d&rsquo;une commande manuelle en mode tip &#8211; Taille de la palette 800&#215;1200 &#8211; deux plaques de but\u00e9e r\u00e9glables 110x61cm et 650x61cm &#8211; 380V 0,37 KW &#8211; Utilisation : derri\u00e8re les plieuses, les encarteuses-piqueuses pour le placement pr\u00e9cis [&hellip;]<\/p>\n","protected":false},"featured_media":56419,"template":"","meta":[],"product_brand":[],"product_cat":[2977],"product_tag":[],"class_list":{"0":"post-91768","1":"product","2":"type-product","3":"status-publish","4":"has-post-thumbnail","6":"product_cat-elevateurs-de-piles-et-gerbeurs","7":"pa_hersteller-hunkeler","8":"pa_typ-as-1000","10":"first","11":"instock","12":"sold-individually","13":"taxable","14":"shipping-taxable","15":"purchasable","16":"product-type-simple"},"jetpack_sharing_enabled":true,"_links":{"self":[{"href":"https:\/\/www.3p-gmbh.de\/fr\/wp-json\/wp\/v2\/product\/91768","targetHints":{"allow":["GET"]}}],"collection":[{"href":"https:\/\/www.3p-gmbh.de\/fr\/wp-json\/wp\/v2\/product"}],"about":[{"href":"https:\/\/www.3p-gmbh.de\/fr\/wp-json\/wp\/v2\/types\/product"}],"wp:featuredmedia":[{"embeddable":true,"href":"https:\/\/www.3p-gmbh.de\/fr\/wp-json\/wp\/v2\/media\/56419"}],"wp:attachment":[{"href":"https:\/\/www.3p-gmbh.de\/fr\/wp-json\/wp\/v2\/media?parent=91768"}],"wp:term":[{"taxonomy":"product_brand","embeddable":true,"href":"https:\/\/www.3p-gmbh.de\/fr\/wp-json\/wp\/v2\/product_brand?post=91768"},{"taxonomy":"product_cat","embeddable":true,"href":"https:\/\/www.3p-gmbh.de\/fr\/wp-json\/wp\/v2\/product_cat?post=91768"},{"taxonomy":"product_tag","embeddable":true,"href":"https:\/\/www.3p-gmbh.de\/fr\/wp-json\/wp\/v2\/product_tag?post=91768"}],"curies":[{"name":"wp","href":"https:\/\/api.w.org\/{rel}","templated":true}]}}