{"id":91765,"date":"2019-07-11T13:58:39","date_gmt":"2019-07-11T13:58:39","guid":{"rendered":"https:\/\/www.3p-gmbh.de\/produkt\/ernst-nagel-citoborma-280-ab-perceuse-a-papier\/"},"modified":"2019-07-11T13:58:39","modified_gmt":"2019-07-11T13:58:39","slug":"perceuse-a-papier-2","status":"publish","type":"product","link":"https:\/\/www.3p-gmbh.de\/fr\/produkt\/perceuse-a-papier-2\/","title":{"rendered":"Ernst Nagel Citoborma 280 AB Perceuse \u00e0 papier"},"content":{"rendered":"<p>&#8211; construction de portique r\u00e9sistant \u00e0 la torsion pour la pr\u00e9cision et la dur\u00e9e de vie<br \/>\n&#8211; D\u00e9clenchement au pied<br \/>\n&#8211; Hauteur d&#8217;empilage 60mm Profondeur d&rsquo;insertion d&rsquo;environ 100 mm derri\u00e8re les forets<br \/>\n&#8211; largeur d&rsquo;insertion 480 mm<br \/>\n&#8211; Compensation de la longueur du foret Diam\u00e8tre du trou 2 &#8211; 20 mm<br \/>\n&#8211; 2 t\u00eates de forage \u00e0 distance r\u00e9glable<br \/>\n&#8211; course automatique de la table<\/p>\n","protected":false},"excerpt":{"rendered":"<p>&#8211; construction de portique r\u00e9sistant \u00e0 la torsion pour la pr\u00e9cision et la dur\u00e9e de vie &#8211; D\u00e9clenchement au pied &#8211; Hauteur d&#8217;empilage 60mm Profondeur d&rsquo;insertion d&rsquo;environ 100 mm derri\u00e8re les forets &#8211; largeur d&rsquo;insertion 480 mm &#8211; Compensation de la longueur du foret Diam\u00e8tre du trou 2 &#8211; 20 mm &#8211; 2 t\u00eates de [&hellip;]<\/p>\n","protected":false},"featured_media":56416,"template":"","meta":[],"product_brand":[],"product_cat":[2957],"product_tag":[],"class_list":{"0":"post-91765","1":"product","2":"type-product","3":"status-publish","4":"has-post-thumbnail","6":"product_cat-perceuses-a-papier","7":"pa_baujahr-123","8":"pa_hersteller-ernst-nagel","9":"pa_typ-280-ab","11":"first","12":"instock","13":"sold-individually","14":"taxable","15":"shipping-taxable","16":"purchasable","17":"product-type-simple"},"jetpack_sharing_enabled":true,"_links":{"self":[{"href":"https:\/\/www.3p-gmbh.de\/fr\/wp-json\/wp\/v2\/product\/91765","targetHints":{"allow":["GET"]}}],"collection":[{"href":"https:\/\/www.3p-gmbh.de\/fr\/wp-json\/wp\/v2\/product"}],"about":[{"href":"https:\/\/www.3p-gmbh.de\/fr\/wp-json\/wp\/v2\/types\/product"}],"wp:featuredmedia":[{"embeddable":true,"href":"https:\/\/www.3p-gmbh.de\/fr\/wp-json\/wp\/v2\/media\/56416"}],"wp:attachment":[{"href":"https:\/\/www.3p-gmbh.de\/fr\/wp-json\/wp\/v2\/media?parent=91765"}],"wp:term":[{"taxonomy":"product_brand","embeddable":true,"href":"https:\/\/www.3p-gmbh.de\/fr\/wp-json\/wp\/v2\/product_brand?post=91765"},{"taxonomy":"product_cat","embeddable":true,"href":"https:\/\/www.3p-gmbh.de\/fr\/wp-json\/wp\/v2\/product_cat?post=91765"},{"taxonomy":"product_tag","embeddable":true,"href":"https:\/\/www.3p-gmbh.de\/fr\/wp-json\/wp\/v2\/product_tag?post=91765"}],"curies":[{"name":"wp","href":"https:\/\/api.w.org\/{rel}","templated":true}]}}