{"id":91754,"date":"2019-07-11T13:58:49","date_gmt":"2019-07-11T13:58:49","guid":{"rendered":"https:\/\/www.3p-gmbh.de\/produkt\/renz-341-2-r-poinconneuse-a-haut-rendement-entierement-automatique\/"},"modified":"2019-07-11T13:58:49","modified_gmt":"2019-07-11T13:58:49","slug":"poinconneuse-haute-performance-entierement-automatique","status":"publish","type":"product","link":"https:\/\/www.3p-gmbh.de\/fr\/produkt\/poinconneuse-haute-performance-entierement-automatique\/","title":{"rendered":"Renz 341-2 R poin\u00e7onneuse \u00e0 haut rendement enti\u00e8rement automatique"},"content":{"rendered":"<p>Perforatrice enti\u00e8rement automatique \u00e0 haut rendement Renz Kugler 341-2R pour calendriers et classeurs \u00e0 anneaux<br \/>\n1 outil pour calendrier (50cm, division 3:1, 4,5&#215;4,5mm avec trou pour le pouce)<br \/>\n1 outil pour classeurs \u00e0 anneaux (environ 32cm, division 3:1, 6,5&#215;6,5mm)<br \/>\n1 outil pour les classeurs \u00e0 anneaux ( (env. 32cm, division 2:1, trou rond 4.5mm)<\/p>\n<p>Confortables \u00e0 utiliser par une seule personne, les poin\u00e7onneuses Kugler travaillent dans un espace r\u00e9duit. Avec margeur non-stop et alimentation en douceur du mat\u00e9riau par le haut. Traitement sans probl\u00e8me de mat\u00e9riaux mixtes (par ex. carton et plastique). Un alignement pr\u00e9cis avant le processus de poin\u00e7onnage assure une pr\u00e9cision maximale. Pour perforer des couvertures de classeurs \u00e0 anneaux, des calendriers et des intercalaires en carton et en plastique, du papier pour articles filaires et bien plus encore.<\/p>\n<p>Le changement d&rsquo;outil ne n\u00e9cessite que quelques manipulations. Une roue de retournement garantit, apr\u00e8s le poin\u00e7onnage, le respect de l&rsquo;ordre des produits imprim\u00e9s et num\u00e9rot\u00e9s qui sont transport\u00e9s vers un \u00e9talage. R\u00e9glage pr\u00e9cis et tr\u00e8s simple pour les registres.<\/p>\n<p>Caract\u00e9ristiques de performance<br \/>\n&#8211; tr\u00e8s peu d&rsquo;entretien<br \/>\n&#8211; haute efficacit\u00e9<br \/>\n&#8211; facile \u00e0 utiliser<br \/>\n&#8211; changement de format le plus rapide<\/p>\n<p>Donn\u00e9es techniques<br \/>\n&#8211; Largeur de travail : 500 mm<br \/>\n&#8211; Plage de formats de la page d\u00e9coup\u00e9e : max. 500 mm<br \/>\n&#8211; Plage de formats page non perfor\u00e9e : max. 500 mm<br \/>\n&#8211; \u00c9paisseur de poin\u00e7onnage : max. 3 mm par couche<br \/>\n&#8211; Vitesse de poin\u00e7onnage : 110 cycles<br \/>\n&#8211; Alimentation papier : automatique avec margeur paternoster non-stop<br \/>\n&#8211; Sortie du papier : automatique dans une caisse avec vibreur<br \/>\n&#8211; Grammage du papier : min. 60 gr.\/m\u00b2, max. 2 mm (des restrictions sont possibles en raison du grammage\/de la qualit\u00e9 du papier)<br \/>\n&#8211; D\u00e9coupage du registre : oui (non fourni)<br \/>\n&#8211; outils interchangeables<br \/>\n&#8211; le changement d&rsquo;outil ne n\u00e9cessite que quelques manipulations<br \/>\n&#8211; changement de format rapide gr\u00e2ce \u00e0 des molettes de r\u00e9glage manuel<br \/>\n&#8211; distance du bord r\u00e9glable<br \/>\n&#8211; poin\u00e7ons d\u00e9sactivables<br \/>\n&#8211; Espace requis : 3,30 x 1,50 m<br \/>\n&#8211; Poids net 1580 kg<\/p>\n","protected":false},"excerpt":{"rendered":"<p>Perforatrice enti\u00e8rement automatique \u00e0 haut rendement Renz Kugler 341-2R pour calendriers et classeurs \u00e0 anneaux 1 outil pour calendrier (50cm, division 3:1, 4,5&#215;4,5mm avec trou pour le pouce) 1 outil pour classeurs \u00e0 anneaux (environ 32cm, division 3:1, 6,5&#215;6,5mm) 1 outil pour les classeurs \u00e0 anneaux ( (env. 32cm, division 2:1, trou rond 4.5mm) Confortables [&hellip;]<\/p>\n","protected":false},"featured_media":56912,"template":"","meta":[],"product_brand":[],"product_cat":[2904],"product_tag":[],"class_list":{"0":"post-91754","1":"product","2":"type-product","3":"status-publish","4":"has-post-thumbnail","6":"product_cat-poinconnage","7":"pa_baujahr-158","8":"pa_hersteller-renz-kugler-womako","9":"pa_typ-341-2r","11":"first","12":"instock","13":"sold-individually","14":"taxable","15":"shipping-taxable","16":"purchasable","17":"product-type-simple"},"jetpack_sharing_enabled":true,"_links":{"self":[{"href":"https:\/\/www.3p-gmbh.de\/fr\/wp-json\/wp\/v2\/product\/91754","targetHints":{"allow":["GET"]}}],"collection":[{"href":"https:\/\/www.3p-gmbh.de\/fr\/wp-json\/wp\/v2\/product"}],"about":[{"href":"https:\/\/www.3p-gmbh.de\/fr\/wp-json\/wp\/v2\/types\/product"}],"wp:featuredmedia":[{"embeddable":true,"href":"https:\/\/www.3p-gmbh.de\/fr\/wp-json\/wp\/v2\/media\/56912"}],"wp:attachment":[{"href":"https:\/\/www.3p-gmbh.de\/fr\/wp-json\/wp\/v2\/media?parent=91754"}],"wp:term":[{"taxonomy":"product_brand","embeddable":true,"href":"https:\/\/www.3p-gmbh.de\/fr\/wp-json\/wp\/v2\/product_brand?post=91754"},{"taxonomy":"product_cat","embeddable":true,"href":"https:\/\/www.3p-gmbh.de\/fr\/wp-json\/wp\/v2\/product_cat?post=91754"},{"taxonomy":"product_tag","embeddable":true,"href":"https:\/\/www.3p-gmbh.de\/fr\/wp-json\/wp\/v2\/product_tag?post=91754"}],"curies":[{"name":"wp","href":"https:\/\/api.w.org\/{rel}","templated":true}]}}