{"id":91750,"date":"2019-07-11T13:58:49","date_gmt":"2019-07-11T13:58:49","guid":{"rendered":"https:\/\/www.3p-gmbh.de\/produkt\/constantin-hang-136-dk-perceuse-a-papier-de-table\/"},"modified":"2019-07-11T13:58:49","modified_gmt":"2019-07-11T13:58:49","slug":"perceuse-a-papier-de-table-constantin-hang","status":"publish","type":"product","link":"https:\/\/www.3p-gmbh.de\/fr\/produkt\/perceuse-a-papier-de-table-constantin-hang\/","title":{"rendered":"Constantin Hang 136 DK Perceuse \u00e0 papier de table"},"content":{"rendered":"<p>&#8211; 2 t\u00eates de per\u00e7age \u00e0 distance fixe pour les perforations d&rsquo;agrafage<br \/>\n&#8211; Tabulateur But\u00e9es lat\u00e9rales avec agrandissement de la table<br \/>\n&#8211; But\u00e9e de profondeur par table gradu\u00e9e<br \/>\n&#8211; Abaissement du foret au moyen d&rsquo;un levier manuel<br \/>\n&#8211; hauteur de pile 50mm<br \/>\n&#8211; Diam\u00e8tre du trou 2 &#8211; 14 mm<br \/>\n&#8211; 380V<\/p>\n","protected":false},"excerpt":{"rendered":"<p>&#8211; 2 t\u00eates de per\u00e7age \u00e0 distance fixe pour les perforations d&rsquo;agrafage &#8211; Tabulateur But\u00e9es lat\u00e9rales avec agrandissement de la table &#8211; But\u00e9e de profondeur par table gradu\u00e9e &#8211; Abaissement du foret au moyen d&rsquo;un levier manuel &#8211; hauteur de pile 50mm &#8211; Diam\u00e8tre du trou 2 &#8211; 14 mm &#8211; 380V<\/p>\n","protected":false},"featured_media":56518,"template":"","meta":[],"product_brand":[],"product_cat":[2957],"product_tag":[],"class_list":{"0":"post-91750","1":"product","2":"type-product","3":"status-publish","4":"has-post-thumbnail","6":"product_cat-perceuses-a-papier","7":"pa_baujahr-266","8":"pa_hersteller-constantin-hang","9":"pa_typ-136-dk","11":"first","12":"instock","13":"sold-individually","14":"taxable","15":"shipping-taxable","16":"purchasable","17":"product-type-simple"},"jetpack_sharing_enabled":true,"_links":{"self":[{"href":"https:\/\/www.3p-gmbh.de\/fr\/wp-json\/wp\/v2\/product\/91750","targetHints":{"allow":["GET"]}}],"collection":[{"href":"https:\/\/www.3p-gmbh.de\/fr\/wp-json\/wp\/v2\/product"}],"about":[{"href":"https:\/\/www.3p-gmbh.de\/fr\/wp-json\/wp\/v2\/types\/product"}],"wp:featuredmedia":[{"embeddable":true,"href":"https:\/\/www.3p-gmbh.de\/fr\/wp-json\/wp\/v2\/media\/56518"}],"wp:attachment":[{"href":"https:\/\/www.3p-gmbh.de\/fr\/wp-json\/wp\/v2\/media?parent=91750"}],"wp:term":[{"taxonomy":"product_brand","embeddable":true,"href":"https:\/\/www.3p-gmbh.de\/fr\/wp-json\/wp\/v2\/product_brand?post=91750"},{"taxonomy":"product_cat","embeddable":true,"href":"https:\/\/www.3p-gmbh.de\/fr\/wp-json\/wp\/v2\/product_cat?post=91750"},{"taxonomy":"product_tag","embeddable":true,"href":"https:\/\/www.3p-gmbh.de\/fr\/wp-json\/wp\/v2\/product_tag?post=91750"}],"curies":[{"name":"wp","href":"https:\/\/api.w.org\/{rel}","templated":true}]}}