{"id":91747,"date":"2019-07-11T13:58:49","date_gmt":"2019-07-11T13:58:49","guid":{"rendered":"https:\/\/www.3p-gmbh.de\/produkt\/schneider-senator-profi-line-pl-2-q-elevateur-de-palettes\/"},"modified":"2019-07-11T13:58:49","modified_gmt":"2019-07-11T13:58:49","slug":"elevateur-de-palettes","status":"publish","type":"product","link":"https:\/\/www.3p-gmbh.de\/fr\/produkt\/elevateur-de-palettes\/","title":{"rendered":"Schneider Senator Profi Line PL 2 Q El\u00e9vateur de palettes"},"content":{"rendered":"<p>&#8211; Taille de la palette 1000mm x 1480mm<br \/>\n&#8211; charge de levage 1000kg<br \/>\n&#8211; avec syst\u00e8me automatique de levage et d&rsquo;abaissement<br \/>\n&#8211; r\u00e9glage automatique de la hauteur de travail par cellule photo\u00e9lectrique<\/p>\n","protected":false},"excerpt":{"rendered":"<p>&#8211; Taille de la palette 1000mm x 1480mm &#8211; charge de levage 1000kg &#8211; avec syst\u00e8me automatique de levage et d&rsquo;abaissement &#8211; r\u00e9glage automatique de la hauteur de travail par cellule photo\u00e9lectrique<\/p>\n","protected":false},"featured_media":56508,"template":"","meta":[],"product_brand":[],"product_cat":[2977],"product_tag":[],"class_list":{"0":"post-91747","1":"product","2":"type-product","3":"status-publish","4":"has-post-thumbnail","6":"product_cat-elevateurs-de-piles-et-gerbeurs","7":"pa_baujahr-123","8":"pa_hersteller-schneider-senator","9":"pa_typ-profi-line-pl-2-q","11":"first","12":"instock","13":"sold-individually","14":"taxable","15":"shipping-taxable","16":"purchasable","17":"product-type-simple"},"jetpack_sharing_enabled":true,"_links":{"self":[{"href":"https:\/\/www.3p-gmbh.de\/fr\/wp-json\/wp\/v2\/product\/91747","targetHints":{"allow":["GET"]}}],"collection":[{"href":"https:\/\/www.3p-gmbh.de\/fr\/wp-json\/wp\/v2\/product"}],"about":[{"href":"https:\/\/www.3p-gmbh.de\/fr\/wp-json\/wp\/v2\/types\/product"}],"wp:featuredmedia":[{"embeddable":true,"href":"https:\/\/www.3p-gmbh.de\/fr\/wp-json\/wp\/v2\/media\/56508"}],"wp:attachment":[{"href":"https:\/\/www.3p-gmbh.de\/fr\/wp-json\/wp\/v2\/media?parent=91747"}],"wp:term":[{"taxonomy":"product_brand","embeddable":true,"href":"https:\/\/www.3p-gmbh.de\/fr\/wp-json\/wp\/v2\/product_brand?post=91747"},{"taxonomy":"product_cat","embeddable":true,"href":"https:\/\/www.3p-gmbh.de\/fr\/wp-json\/wp\/v2\/product_cat?post=91747"},{"taxonomy":"product_tag","embeddable":true,"href":"https:\/\/www.3p-gmbh.de\/fr\/wp-json\/wp\/v2\/product_tag?post=91747"}],"curies":[{"name":"wp","href":"https:\/\/api.w.org\/{rel}","templated":true}]}}