{"id":91729,"date":"2019-07-11T13:58:49","date_gmt":"2019-07-11T13:58:49","guid":{"rendered":"https:\/\/www.3p-gmbh.de\/produkt\/poinconneuse-automatique-pour-calendriers-pfaeffle-f-42-a\/"},"modified":"2019-07-11T13:58:49","modified_gmt":"2019-07-11T13:58:49","slug":"poinconneuse-calendrier-automatique-2","status":"publish","type":"product","link":"https:\/\/www.3p-gmbh.de\/fr\/produkt\/poinconneuse-calendrier-automatique-2\/","title":{"rendered":"Poin\u00e7onneuse automatique pour calendriers Pf\u00e4ffle F 42-a"},"content":{"rendered":"<p>pour perforer les perforations de reliure en spirale, en peigne m\u00e9tallique et en plastique, ainsi que les perforations pour les syst\u00e8mes de classement, les arrondis de coins, les perforations d&rsquo;arrachage, les inserts de registre, etc.<br \/>\nUne seule personne peut l&rsquo;utiliser sans probl\u00e8me gr\u00e2ce \u00e0 la disposition claire des cycles de travail sur un seul niveau.<br \/>\nSyst\u00e8me d&rsquo;assiettes \u00e9prouv\u00e9 pour travailler pile sur pile sans avoir \u00e0 se retourner.<br \/>\nS\u00e9paration des diff\u00e9rentes couches de la pile de papier \u00e0 l&rsquo;aide de disques de s\u00e9paration.<br \/>\nAlignement de la couche de papier et perforation.<br \/>\nSortie dans le bac de rangement dans le m\u00eame ordre.<br \/>\nConversion facile \u00e0 d&rsquo;autres formats.<br \/>\nChangement d&rsquo;outil rapide.<br \/>\nOutils de perforation interchangeables pour la reliure en fil m\u00e9tallique et en plastique, \u00e9galement combin\u00e9s avec le trou pour le pouce, la perforation pour la reliure et\/ou la perforation pour la d\u00e9chirure (toutes les options)<\/p>\n<p>Donn\u00e9es techniques<br \/>\nPlage de formats max. 320 x 320 mm<br \/>\nPlage de formats min. 148 x 100 mm<br \/>\n\u00c9paisseur de poin\u00e7onnage jusqu&rsquo;\u00e0 2 mm<br \/>\noutil de poin\u00e7onnage int\u00e9gr\u00e9<br \/>\nRendement 4.200 \u00e0 5.000 d\u00e9coupes \/ heure<br \/>\nHauteur de pile jusqu&rsquo;\u00e0 8 m \/ heure<br \/>\nEspace requis 1,80 m x 0,90 m<br \/>\nPoids 450 kg<\/p>\n","protected":false},"excerpt":{"rendered":"<p>pour perforer les perforations de reliure en spirale, en peigne m\u00e9tallique et en plastique, ainsi que les perforations pour les syst\u00e8mes de classement, les arrondis de coins, les perforations d&rsquo;arrachage, les inserts de registre, etc. Une seule personne peut l&rsquo;utiliser sans probl\u00e8me gr\u00e2ce \u00e0 la disposition claire des cycles de travail sur un seul niveau. [&hellip;]<\/p>\n","protected":false},"featured_media":56503,"template":"","meta":[],"product_brand":[],"product_cat":[2904],"product_tag":[],"class_list":{"0":"post-91729","1":"product","2":"type-product","3":"status-publish","4":"has-post-thumbnail","6":"product_cat-poinconnage","7":"pa_baujahr-282","8":"pa_hersteller-pfaeffle-renz-2","9":"pa_typ-f-42a","11":"first","12":"instock","13":"sold-individually","14":"taxable","15":"shipping-taxable","16":"purchasable","17":"product-type-simple"},"jetpack_sharing_enabled":true,"_links":{"self":[{"href":"https:\/\/www.3p-gmbh.de\/fr\/wp-json\/wp\/v2\/product\/91729","targetHints":{"allow":["GET"]}}],"collection":[{"href":"https:\/\/www.3p-gmbh.de\/fr\/wp-json\/wp\/v2\/product"}],"about":[{"href":"https:\/\/www.3p-gmbh.de\/fr\/wp-json\/wp\/v2\/types\/product"}],"wp:featuredmedia":[{"embeddable":true,"href":"https:\/\/www.3p-gmbh.de\/fr\/wp-json\/wp\/v2\/media\/56503"}],"wp:attachment":[{"href":"https:\/\/www.3p-gmbh.de\/fr\/wp-json\/wp\/v2\/media?parent=91729"}],"wp:term":[{"taxonomy":"product_brand","embeddable":true,"href":"https:\/\/www.3p-gmbh.de\/fr\/wp-json\/wp\/v2\/product_brand?post=91729"},{"taxonomy":"product_cat","embeddable":true,"href":"https:\/\/www.3p-gmbh.de\/fr\/wp-json\/wp\/v2\/product_cat?post=91729"},{"taxonomy":"product_tag","embeddable":true,"href":"https:\/\/www.3p-gmbh.de\/fr\/wp-json\/wp\/v2\/product_tag?post=91729"}],"curies":[{"name":"wp","href":"https:\/\/api.w.org\/{rel}","templated":true}]}}