{"id":91725,"date":"2019-07-11T13:58:49","date_gmt":"2019-07-11T13:58:49","guid":{"rendered":"https:\/\/www.3p-gmbh.de\/produkt\/poinconneuse-wire-o-renz-super-500\/"},"modified":"2019-07-11T13:58:49","modified_gmt":"2019-07-11T13:58:49","slug":"wire-o-stanze","status":"publish","type":"product","link":"https:\/\/www.3p-gmbh.de\/fr\/produkt\/wire-o-stanze\/","title":{"rendered":"Poin\u00e7onneuse Wire-O Renz Super 500"},"content":{"rendered":"<p>&#8211; Largeur de travail : 500 mm<br \/>\n&#8211; deux outils Calendrier 4&#215;4 Divisions 3:1 et 2:1<br \/>\n&#8211; \u00c9paisseur de poin\u00e7onnage : max. 4,5 mm (en fonction de l&rsquo;outil)<br \/>\n&#8211; Vitesse de poin\u00e7onnage : 400 &#8211; 500 cycles\/h (en fonction de l&rsquo;op\u00e9rateur)<br \/>\n&#8211; Installation papier : horizontale<br \/>\n&#8211; grammage du papier : 40 &#8211; 1000 gr\/m<br \/>\n&#8211; Changement d&rsquo;outil : changement d&rsquo;outil rapide et sans probl\u00e8me en quelques minutes seulement<br \/>\n&#8211; distance du bord r\u00e9glable<br \/>\n&#8211; bras de traction r\u00e9glables bien<\/p>\n","protected":false},"excerpt":{"rendered":"<p>&#8211; Largeur de travail : 500 mm &#8211; deux outils Calendrier 4&#215;4 Divisions 3:1 et 2:1 &#8211; \u00c9paisseur de poin\u00e7onnage : max. 4,5 mm (en fonction de l&rsquo;outil) &#8211; Vitesse de poin\u00e7onnage : 400 &#8211; 500 cycles\/h (en fonction de l&rsquo;op\u00e9rateur) &#8211; Installation papier : horizontale &#8211; grammage du papier : 40 &#8211; 1000 gr\/m [&hellip;]<\/p>\n","protected":false},"featured_media":56499,"template":"","meta":[],"product_brand":[],"product_cat":[2904],"product_tag":[],"class_list":{"0":"post-91725","1":"product","2":"type-product","3":"status-publish","4":"has-post-thumbnail","6":"product_cat-poinconnage","7":"pa_baujahr-221","8":"pa_hersteller-renz","9":"pa_typ-super-500","11":"first","12":"instock","13":"sold-individually","14":"taxable","15":"shipping-taxable","16":"purchasable","17":"product-type-simple"},"jetpack_sharing_enabled":true,"_links":{"self":[{"href":"https:\/\/www.3p-gmbh.de\/fr\/wp-json\/wp\/v2\/product\/91725","targetHints":{"allow":["GET"]}}],"collection":[{"href":"https:\/\/www.3p-gmbh.de\/fr\/wp-json\/wp\/v2\/product"}],"about":[{"href":"https:\/\/www.3p-gmbh.de\/fr\/wp-json\/wp\/v2\/types\/product"}],"wp:featuredmedia":[{"embeddable":true,"href":"https:\/\/www.3p-gmbh.de\/fr\/wp-json\/wp\/v2\/media\/56499"}],"wp:attachment":[{"href":"https:\/\/www.3p-gmbh.de\/fr\/wp-json\/wp\/v2\/media?parent=91725"}],"wp:term":[{"taxonomy":"product_brand","embeddable":true,"href":"https:\/\/www.3p-gmbh.de\/fr\/wp-json\/wp\/v2\/product_brand?post=91725"},{"taxonomy":"product_cat","embeddable":true,"href":"https:\/\/www.3p-gmbh.de\/fr\/wp-json\/wp\/v2\/product_cat?post=91725"},{"taxonomy":"product_tag","embeddable":true,"href":"https:\/\/www.3p-gmbh.de\/fr\/wp-json\/wp\/v2\/product_tag?post=91725"}],"curies":[{"name":"wp","href":"https:\/\/api.w.org\/{rel}","templated":true}]}}