{"id":91724,"date":"2019-07-11T13:58:49","date_gmt":"2019-07-11T13:58:49","guid":{"rendered":"https:\/\/www.3p-gmbh.de\/produkt\/vacuumatic-vicount-2-compteur-de-papier-a-alimentation-par-bande\/"},"modified":"2019-07-11T13:58:49","modified_gmt":"2019-07-11T13:58:49","slug":"compteuse-de-papier-avec-alimentation-par-bande","status":"publish","type":"product","link":"https:\/\/www.3p-gmbh.de\/fr\/produkt\/compteuse-de-papier-avec-alimentation-par-bande\/","title":{"rendered":"Vacuumatic Vicount 2 Compteur de papier \u00e0 alimentation par bande"},"content":{"rendered":"<p>Machine de table avec dimensions de la table 30 x 24 cm<br \/>\n(s&rsquo;int\u00e8gre facilement dans une ligne de d\u00e9coupe ou une table plus grande,<br \/>\nde sorte que chaque format de feuille peut \u00eatre compt\u00e9)<\/p>\n<p>&#8211; Insertion de bandes (env.5mm) r\u00e9p\u00e9titive ou r\u00e9glable en continu par s\u00e9lection de programme<br \/>\n&#8211; nombre minimum d&rsquo;entr\u00e9es 5 arcs<br \/>\n&#8211; max. hauteur d&#8217;empilage 230 mm<br \/>\n&#8211; Vitesse de comptage jusqu&rsquo;\u00e0 2000Bg. \/min.<br \/>\n&#8211; Compteur max. 999.999<br \/>\n&#8211; Mat\u00e9riau 25-240g\/m2 selon la qualit\u00e9 et la flexibilit\u00e9 du papier<\/p>\n","protected":false},"excerpt":{"rendered":"<p>Machine de table avec dimensions de la table 30 x 24 cm (s&rsquo;int\u00e8gre facilement dans une ligne de d\u00e9coupe ou une table plus grande, de sorte que chaque format de feuille peut \u00eatre compt\u00e9) &#8211; Insertion de bandes (env.5mm) r\u00e9p\u00e9titive ou r\u00e9glable en continu par s\u00e9lection de programme &#8211; nombre minimum d&rsquo;entr\u00e9es 5 arcs &#8211; [&hellip;]<\/p>\n","protected":false},"featured_media":56493,"template":"","meta":[],"product_brand":[],"product_cat":[2998],"product_tag":[],"class_list":{"0":"post-91724","1":"product","2":"type-product","3":"status-publish","4":"has-post-thumbnail","6":"product_cat-machines-a-compter-le-papier","7":"pa_baujahr-140","8":"pa_hersteller-vacuumatic","9":"pa_typ-vicount-2","11":"first","12":"instock","13":"sold-individually","14":"taxable","15":"shipping-taxable","16":"purchasable","17":"product-type-simple"},"jetpack_sharing_enabled":true,"_links":{"self":[{"href":"https:\/\/www.3p-gmbh.de\/fr\/wp-json\/wp\/v2\/product\/91724","targetHints":{"allow":["GET"]}}],"collection":[{"href":"https:\/\/www.3p-gmbh.de\/fr\/wp-json\/wp\/v2\/product"}],"about":[{"href":"https:\/\/www.3p-gmbh.de\/fr\/wp-json\/wp\/v2\/types\/product"}],"wp:featuredmedia":[{"embeddable":true,"href":"https:\/\/www.3p-gmbh.de\/fr\/wp-json\/wp\/v2\/media\/56493"}],"wp:attachment":[{"href":"https:\/\/www.3p-gmbh.de\/fr\/wp-json\/wp\/v2\/media?parent=91724"}],"wp:term":[{"taxonomy":"product_brand","embeddable":true,"href":"https:\/\/www.3p-gmbh.de\/fr\/wp-json\/wp\/v2\/product_brand?post=91724"},{"taxonomy":"product_cat","embeddable":true,"href":"https:\/\/www.3p-gmbh.de\/fr\/wp-json\/wp\/v2\/product_cat?post=91724"},{"taxonomy":"product_tag","embeddable":true,"href":"https:\/\/www.3p-gmbh.de\/fr\/wp-json\/wp\/v2\/product_tag?post=91724"}],"curies":[{"name":"wp","href":"https:\/\/api.w.org\/{rel}","templated":true}]}}