{"id":91707,"date":"2019-07-11T13:58:49","date_gmt":"2019-07-11T13:58:49","guid":{"rendered":"https:\/\/www.3p-gmbh.de\/produkt\/ernst-nagel-citonak-vs-66-poincon-de-reperage\/"},"modified":"2019-07-11T13:58:49","modified_gmt":"2019-07-11T13:58:49","slug":"perforatrice-de-registre","status":"publish","type":"product","link":"https:\/\/www.3p-gmbh.de\/fr\/produkt\/perforatrice-de-registre\/","title":{"rendered":"Ernst Nagel Citonak VS 66 Poin\u00e7on de rep\u00e9rage"},"content":{"rendered":"<p>&#8211; poin\u00e7onneuse universelle \u00e9lectrique<br \/>\n&#8211; avec outil de coupe en rep\u00e9rage int\u00e9gr\u00e9 Coupe d&rsquo;angle \u00e0 90<br \/>\n&#8211; la profondeur de coupe et le rep\u00e9rage sont variables gr\u00e2ce \u00e0 des but\u00e9es<br \/>\n&#8211; 380 volts<\/p>\n","protected":false},"excerpt":{"rendered":"<p>&#8211; poin\u00e7onneuse universelle \u00e9lectrique &#8211; avec outil de coupe en rep\u00e9rage int\u00e9gr\u00e9 Coupe d&rsquo;angle \u00e0 90 &#8211; la profondeur de coupe et le rep\u00e9rage sont variables gr\u00e2ce \u00e0 des but\u00e9es &#8211; 380 volts<\/p>\n","protected":false},"featured_media":56486,"template":"","meta":[],"product_brand":[],"product_cat":[2890],"product_tag":[],"class_list":{"0":"post-91707","1":"product","2":"type-product","3":"status-publish","4":"has-post-thumbnail","6":"product_cat-reliure-dassortiment","7":"pa_hersteller-ernst-nagel","8":"pa_typ-citonak-vs-66","10":"first","11":"instock","12":"sold-individually","13":"taxable","14":"shipping-taxable","15":"purchasable","16":"product-type-simple"},"jetpack_sharing_enabled":true,"_links":{"self":[{"href":"https:\/\/www.3p-gmbh.de\/fr\/wp-json\/wp\/v2\/product\/91707","targetHints":{"allow":["GET"]}}],"collection":[{"href":"https:\/\/www.3p-gmbh.de\/fr\/wp-json\/wp\/v2\/product"}],"about":[{"href":"https:\/\/www.3p-gmbh.de\/fr\/wp-json\/wp\/v2\/types\/product"}],"wp:featuredmedia":[{"embeddable":true,"href":"https:\/\/www.3p-gmbh.de\/fr\/wp-json\/wp\/v2\/media\/56486"}],"wp:attachment":[{"href":"https:\/\/www.3p-gmbh.de\/fr\/wp-json\/wp\/v2\/media?parent=91707"}],"wp:term":[{"taxonomy":"product_brand","embeddable":true,"href":"https:\/\/www.3p-gmbh.de\/fr\/wp-json\/wp\/v2\/product_brand?post=91707"},{"taxonomy":"product_cat","embeddable":true,"href":"https:\/\/www.3p-gmbh.de\/fr\/wp-json\/wp\/v2\/product_cat?post=91707"},{"taxonomy":"product_tag","embeddable":true,"href":"https:\/\/www.3p-gmbh.de\/fr\/wp-json\/wp\/v2\/product_tag?post=91707"}],"curies":[{"name":"wp","href":"https:\/\/api.w.org\/{rel}","templated":true}]}}