{"id":91691,"date":"2019-07-11T13:58:58","date_gmt":"2019-07-11T13:58:58","guid":{"rendered":"https:\/\/www.3p-gmbh.de\/produkt\/horizon-foliant-gulliver-c-520-systeme-de-laminage-thermique\/"},"modified":"2019-07-11T13:58:58","modified_gmt":"2019-07-11T13:58:58","slug":"systeme-de-thermo-laminage","status":"publish","type":"product","link":"https:\/\/www.3p-gmbh.de\/fr\/produkt\/systeme-de-thermo-laminage\/","title":{"rendered":"Horizon Foliant Gulliver C 520 Syst\u00e8me de laminage thermique"},"content":{"rendered":"<p>avec margeur de piles plates \u00e0 air aspir\u00e9<br \/>\n-alimentation et s\u00e9paration automatiques<br \/>\n-r\u00e9glage pneumatique des cylindres de chauffage<br \/>\n-largeur d&rsquo;entr\u00e9e 520 mm<br \/>\n-max.520x740mm<br \/>\n-Cylindres en chrome Temp\u00e9rature de chauffage 90-115 C\u00b0.<br \/>\n-Rendement d&rsquo;env. 0-15 m\u00e8tres\/min, soit env. 2600 feuilles B3\/heure<br \/>\n-grammes d&rsquo;environ 115 -350 g\/m2<br \/>\n-sortie de caisson<\/p>\n<p>Avec pression hydropneumatique des rouleaux de plastification.<br \/>\nDe cette mani\u00e8re, une pression tr\u00e8s \u00e9lev\u00e9e peut \u00eatre exerc\u00e9e sur le film de lamination, ce qui permet de l&rsquo;utiliser m\u00eame sur les papiers d&rsquo;impression num\u00e9rique les plus difficiles.<br \/>\nsans faire de compromis sur la durabilit\u00e9 !<br \/>\nLes plastifieuses Foliant sont test\u00e9es par Xerox et recommand\u00e9es pour une utilisation avec la famille d&rsquo;imprimantes DC.<\/p>\n","protected":false},"excerpt":{"rendered":"<p>avec margeur de piles plates \u00e0 air aspir\u00e9 -alimentation et s\u00e9paration automatiques -r\u00e9glage pneumatique des cylindres de chauffage -largeur d&rsquo;entr\u00e9e 520 mm -max.520x740mm -Cylindres en chrome Temp\u00e9rature de chauffage 90-115 C\u00b0. -Rendement d&rsquo;env. 0-15 m\u00e8tres\/min, soit env. 2600 feuilles B3\/heure -grammes d&rsquo;environ 115 -350 g\/m2 -sortie de caisson Avec pression hydropneumatique des rouleaux de plastification. [&hellip;]<\/p>\n","protected":false},"featured_media":56602,"template":"","meta":[],"product_brand":[],"product_cat":[3092],"product_tag":[],"class_list":{"0":"post-91691","1":"product","2":"type-product","3":"status-publish","4":"has-post-thumbnail","6":"product_cat-machines-a-plastifier","7":"pa_baujahr-127","8":"pa_hersteller-horizon","9":"pa_typ-foliant-gulliver-c-520","11":"first","12":"instock","13":"sold-individually","14":"taxable","15":"shipping-taxable","16":"purchasable","17":"product-type-simple"},"jetpack_sharing_enabled":true,"_links":{"self":[{"href":"https:\/\/www.3p-gmbh.de\/fr\/wp-json\/wp\/v2\/product\/91691","targetHints":{"allow":["GET"]}}],"collection":[{"href":"https:\/\/www.3p-gmbh.de\/fr\/wp-json\/wp\/v2\/product"}],"about":[{"href":"https:\/\/www.3p-gmbh.de\/fr\/wp-json\/wp\/v2\/types\/product"}],"wp:featuredmedia":[{"embeddable":true,"href":"https:\/\/www.3p-gmbh.de\/fr\/wp-json\/wp\/v2\/media\/56602"}],"wp:attachment":[{"href":"https:\/\/www.3p-gmbh.de\/fr\/wp-json\/wp\/v2\/media?parent=91691"}],"wp:term":[{"taxonomy":"product_brand","embeddable":true,"href":"https:\/\/www.3p-gmbh.de\/fr\/wp-json\/wp\/v2\/product_brand?post=91691"},{"taxonomy":"product_cat","embeddable":true,"href":"https:\/\/www.3p-gmbh.de\/fr\/wp-json\/wp\/v2\/product_cat?post=91691"},{"taxonomy":"product_tag","embeddable":true,"href":"https:\/\/www.3p-gmbh.de\/fr\/wp-json\/wp\/v2\/product_tag?post=91691"}],"curies":[{"name":"wp","href":"https:\/\/api.w.org\/{rel}","templated":true}]}}