{"id":91686,"date":"2019-07-11T13:58:58","date_gmt":"2019-07-11T13:58:58","guid":{"rendered":"https:\/\/www.3p-gmbh.de\/produkt\/europack-eo-5-p2-fondoir-a-colle\/"},"modified":"2019-07-11T13:58:58","modified_gmt":"2019-07-11T13:58:58","slug":"appareil-a-fondre-la-colle","status":"publish","type":"product","link":"https:\/\/www.3p-gmbh.de\/fr\/produkt\/appareil-a-fondre-la-colle\/","title":{"rendered":"Europack EO 5 P2 Fondoir \u00e0 colle"},"content":{"rendered":"<p>avec KAS Compact C 200 2 canaux de commande<br \/>\npour une application pr\u00e9cise de la colle dans les machines \u00e0 rotation rapide<br \/>\npeut commander 2 t\u00eates d&rsquo;application de colle en fonction de la course.<br \/>\nL&rsquo;appareil peut stocker durablement 100 produits clients diff\u00e9rents.<br \/>\nLes touches de fonction, l&rsquo;affichage en texte clair et la technique des menus rendent la programmation simple et facile \u00e0 apprendre.<br \/>\nLes textes affich\u00e9s peuvent \u00eatre chang\u00e9s dans diff\u00e9rentes langues nationales<br \/>\net chaque vanne peut \u00eatre activ\u00e9e ou d\u00e9sactiv\u00e9e \u00e0 l&rsquo;aide d&rsquo;un bouton distinct.<br \/>\navec 2 rubans chauffants d&rsquo;environ 1,80 m, deux buses d&rsquo;application, 1 encodeur rotatif, un capteur optique<\/p>\n","protected":false},"excerpt":{"rendered":"<p>avec KAS Compact C 200 2 canaux de commande pour une application pr\u00e9cise de la colle dans les machines \u00e0 rotation rapide peut commander 2 t\u00eates d&rsquo;application de colle en fonction de la course. L&rsquo;appareil peut stocker durablement 100 produits clients diff\u00e9rents. Les touches de fonction, l&rsquo;affichage en texte clair et la technique des menus [&hellip;]<\/p>\n","protected":false},"featured_media":56591,"template":"","meta":[],"product_brand":[],"product_cat":[2866],"product_tag":[],"class_list":{"0":"post-91686","1":"product","2":"type-product","3":"status-publish","4":"has-post-thumbnail","6":"product_cat-autre-traitement-ulterieur","7":"pa_baujahr-168","8":"pa_hersteller-europack-e","9":"pa_typ-eo-5-p2-mit-kas-c-200","11":"first","12":"instock","13":"sold-individually","14":"taxable","15":"shipping-taxable","16":"purchasable","17":"product-type-simple"},"jetpack_sharing_enabled":true,"_links":{"self":[{"href":"https:\/\/www.3p-gmbh.de\/fr\/wp-json\/wp\/v2\/product\/91686","targetHints":{"allow":["GET"]}}],"collection":[{"href":"https:\/\/www.3p-gmbh.de\/fr\/wp-json\/wp\/v2\/product"}],"about":[{"href":"https:\/\/www.3p-gmbh.de\/fr\/wp-json\/wp\/v2\/types\/product"}],"wp:featuredmedia":[{"embeddable":true,"href":"https:\/\/www.3p-gmbh.de\/fr\/wp-json\/wp\/v2\/media\/56591"}],"wp:attachment":[{"href":"https:\/\/www.3p-gmbh.de\/fr\/wp-json\/wp\/v2\/media?parent=91686"}],"wp:term":[{"taxonomy":"product_brand","embeddable":true,"href":"https:\/\/www.3p-gmbh.de\/fr\/wp-json\/wp\/v2\/product_brand?post=91686"},{"taxonomy":"product_cat","embeddable":true,"href":"https:\/\/www.3p-gmbh.de\/fr\/wp-json\/wp\/v2\/product_cat?post=91686"},{"taxonomy":"product_tag","embeddable":true,"href":"https:\/\/www.3p-gmbh.de\/fr\/wp-json\/wp\/v2\/product_tag?post=91686"}],"curies":[{"name":"wp","href":"https:\/\/api.w.org\/{rel}","templated":true}]}}